{"id":2484,"date":"2024-06-29T11:13:24","date_gmt":"2024-06-29T11:13:24","guid":{"rendered":"https:\/\/norraredovisning.se\/hur-hjalper-vi-dig\/"},"modified":"2025-03-29T18:26:22","modified_gmt":"2025-03-29T18:26:22","slug":"hur-hjalper-vi-dig","status":"publish","type":"page","link":"https:\/\/norraredovisning.se\/sv\/hur-hjalper-vi-dig\/","title":{"rendered":"hur hj\u00e4lper vi dig?"},"content":{"rendered":"\t\t<div data-elementor-type=\"wp-page\" data-elementor-id=\"2484\" class=\"elementor elementor-2484 elementor-14\" data-elementor-post-type=\"page\">\n\t\t\t\t\t\t<section class=\"elementor-section elementor-top-section elementor-element elementor-element-5ed584c elementor-section-boxed elementor-section-height-default elementor-section-height-default\" data-id=\"5ed584c\" data-element_type=\"section\" data-e-type=\"section\">\n\t\t\t\t\t\t<div class=\"elementor-container elementor-column-gap-default\">\n\t\t\t\t\t<div class=\"elementor-column elementor-col-100 elementor-top-column elementor-element elementor-element-332bb95\" data-id=\"332bb95\" data-element_type=\"column\" data-e-type=\"column\">\n\t\t\t<div class=\"elementor-widget-wrap elementor-element-populated\">\n\t\t\t\t<div class=\"elementor-element elementor-element-d9f0853 e-flex e-con-boxed e-con e-parent\" data-id=\"d9f0853\" data-element_type=\"container\" data-e-type=\"container\">\n\t\t\t\t\t<div class=\"e-con-inner\">\n\t\t\t\t<div class=\"elementor-element elementor-element-3e1c64d elementor-widget elementor-widget-text-editor\" data-id=\"3e1c64d\" data-element_type=\"widget\" data-e-type=\"widget\" data-widget_type=\"text-editor.default\">\n\t\t\t\t<div class=\"elementor-widget-container\">\n\t\t\t\t\t\t\t\t\t<h5 style=\"text-align: justify;\"><span style=\"font-size: 15px;\">Driv framg\u00e5ng genom smarta l\u00f6sningar<\/span><\/h5><h5 style=\"text-align: justify;\"><span style=\"font-size: 15px;\">Dagens aff\u00e4rslandskap f\u00f6r\u00e4ndras st\u00e4ndigt, och organisationer letar efter en sak: l\u00f6sningar som p\u00e5verkar. Alla fr\u00e5n nystartade f\u00f6retag till etablerade f\u00f6retag f\u00f6rs\u00f6ker l\u00f6sa komplexa problem f\u00f6r att v\u00e4xa, blomstra och lyckas. Och \u00e4ven om varje bransch st\u00e5r inf\u00f6r unika utmaningar, finns det ofta ett enda svar som driver f\u00f6r\u00e4ndring \u00f6ver hela linjen: erfarenhet och teknik.<\/span><\/h5><h5 style=\"text-align: justify;\"><span style=\"font-size: 15px;\">I dagens v\u00e4rld beh\u00f6ver du mer \u00e4n traditionell redovisning f\u00f6r att lyckas. Det hj\u00e4lper om du har verktyg och insikter med modern teknik f\u00f6r att effektivisera verksamheten, uppr\u00e4tth\u00e5lla efterlevnad och fatta smarta beslut. Det \u00e4r h\u00e4r vi kommer in.<\/span><\/h5><h5 style=\"text-align: justify;\"><span style=\"font-size: 15px;\">I Norra Redovisningsbyr\u00e5 AB arbetar vi med f\u00f6retag av alla storlekar f\u00f6r att \u00f6verbrygga klyftan mellan teknik och effektiv redovisningspraxis. Vi hj\u00e4lper kunder att anv\u00e4nda de senaste redovisningsverktygen och mjukvaran f\u00f6r att optimera processer, b\u00e4ttre hantera resurser och uppn\u00e5 sina m\u00e5l.<\/span><\/h5><h5 style=\"text-align: justify;\"><span style=\"font-size: 15px;\">V\u00e5rt m\u00e5l \u00e4r enkelt: att koppla ihop teknik med dina finansiella och aff\u00e4rsm\u00e5l. Vi skr\u00e4ddarsyr v\u00e5rt tillv\u00e4gag\u00e5ngss\u00e4tt f\u00f6r att m\u00f6ta dina specifika behov och arbetar n\u00e4ra dig f\u00f6r att implementera, bem\u00e4stra och integrera de l\u00f6sningar som har st\u00f6rst effekt. F\u00f6r f\u00f6r oss blir tekniken bara en riktig l\u00f6sning n\u00e4r den tj\u00e4nar dina unika m\u00e5l.<\/span><\/h5><h5 style=\"text-align: justify;\"><span style=\"font-size: 15px;\">Resultaten? Noggranna redovisningar Optimerat kassafl\u00f6de \u00d6kad produktivitet. Ta det lugnt med att veta att din ekonomi \u00e4r i goda h\u00e4nder. Med r\u00e4tt teknikbaserat redovisningsst\u00f6d \u00e4r m\u00f6jligheterna o\u00e4ndliga.<\/span><\/h5><h5 style=\"text-align: justify;\"><span style=\"font-size: 15px;\">\u00c4r du redo att ta ditt f\u00f6retag till n\u00e4sta niv\u00e5? L\u00e5t oss prata om l\u00f6sningar som kan f\u00f6r\u00e4ndra din framg\u00e5ng.<\/span><\/h5>\t\t\t\t\t\t\t\t<\/div>\n\t\t\t\t<\/div>\n\t\t\t\t\t<\/div>\n\t\t\t\t<\/div>\n\t\t\t\t\t<\/div>\n\t\t<\/div>\n\t\t\t\t\t<\/div>\n\t\t<\/section>\n\t\t\t\t<\/div>\n\t\t","protected":false},"excerpt":{"rendered":"<p>Driv framg\u00e5ng genom smarta l\u00f6sningar Dagens aff\u00e4rslandskap f\u00f6r\u00e4ndras st\u00e4ndigt, och organisationer &#8230; <\/p>\n","protected":false},"author":1,"featured_media":0,"parent":0,"menu_order":0,"comment_status":"closed","ping_status":"closed","template":"","meta":{"nf_dc_page":"","_monsterinsights_skip_tracking":false,"_monsterinsights_sitenote_active":false,"_monsterinsights_sitenote_note":"","_monsterinsights_sitenote_category":0,"footnotes":""},"class_list":["post-2484","page","type-page","status-publish","hentry"],"yoast_head":"<!-- This site is optimized with the Yoast SEO plugin v27.4 - https:\/\/yoast.com\/product\/yoast-seo-wordpress\/ -->\n<title>hur hj\u00e4lper vi dig? - Norra redovisningsbyr\u00e5 AB<\/title>\n<meta name=\"robots\" content=\"index, follow, max-snippet:-1, max-image-preview:large, max-video-preview:-1\" \/>\n<link rel=\"canonical\" href=\"https:\/\/norraredovisning.se\/sv\/hur-hjalper-vi-dig\/\" \/>\n<meta property=\"og:locale\" content=\"sv_SE\" \/>\n<meta property=\"og:type\" content=\"article\" \/>\n<meta property=\"og:title\" content=\"hur hj\u00e4lper vi dig? - Norra redovisningsbyr\u00e5 AB\" \/>\n<meta property=\"og:description\" content=\"Driv framg\u00e5ng genom smarta l\u00f6sningar Dagens aff\u00e4rslandskap f\u00f6r\u00e4ndras st\u00e4ndigt, och organisationer ...\" \/>\n<meta property=\"og:url\" content=\"https:\/\/norraredovisning.se\/sv\/hur-hjalper-vi-dig\/\" \/>\n<meta property=\"og:site_name\" content=\"Norra redovisningsbyr\u00e5 AB\" \/>\n<meta property=\"article:modified_time\" content=\"2025-03-29T18:26:22+00:00\" \/>\n<meta name=\"twitter:card\" content=\"summary_large_image\" \/>\n<meta name=\"twitter:label1\" content=\"Ber\u00e4knad l\u00e4stid\" \/>\n\t<meta name=\"twitter:data1\" content=\"2 minuter\" \/>\n<script type=\"application\/ld+json\" class=\"yoast-schema-graph\">{\"@context\":\"https:\\\/\\\/schema.org\",\"@graph\":[{\"@type\":\"WebPage\",\"@id\":\"https:\\\/\\\/norraredovisning.se\\\/sv\\\/hur-hjalper-vi-dig\\\/\",\"url\":\"https:\\\/\\\/norraredovisning.se\\\/sv\\\/hur-hjalper-vi-dig\\\/\",\"name\":\"hur hj\u00e4lper vi dig? - Norra redovisningsbyr\u00e5 AB\",\"isPartOf\":{\"@id\":\"https:\\\/\\\/norraredovisning.se\\\/#website\"},\"datePublished\":\"2024-06-29T11:13:24+00:00\",\"dateModified\":\"2025-03-29T18:26:22+00:00\",\"breadcrumb\":{\"@id\":\"https:\\\/\\\/norraredovisning.se\\\/sv\\\/hur-hjalper-vi-dig\\\/#breadcrumb\"},\"inLanguage\":\"sv-SE\",\"potentialAction\":[{\"@type\":\"ReadAction\",\"target\":[\"https:\\\/\\\/norraredovisning.se\\\/sv\\\/hur-hjalper-vi-dig\\\/\"]}]},{\"@type\":\"BreadcrumbList\",\"@id\":\"https:\\\/\\\/norraredovisning.se\\\/sv\\\/hur-hjalper-vi-dig\\\/#breadcrumb\",\"itemListElement\":[{\"@type\":\"ListItem\",\"position\":1,\"name\":\"Home\",\"item\":\"https:\\\/\\\/norraredovisning.se\\\/hem\\\/\"},{\"@type\":\"ListItem\",\"position\":2,\"name\":\"hur hj\u00e4lper vi dig?\"}]},{\"@type\":\"WebSite\",\"@id\":\"https:\\\/\\\/norraredovisning.se\\\/#website\",\"url\":\"https:\\\/\\\/norraredovisning.se\\\/\",\"name\":\"Norra redovisningsbyr\u00e5 AB\",\"description\":\"\",\"potentialAction\":[{\"@type\":\"SearchAction\",\"target\":{\"@type\":\"EntryPoint\",\"urlTemplate\":\"https:\\\/\\\/norraredovisning.se\\\/?s={search_term_string}\"},\"query-input\":{\"@type\":\"PropertyValueSpecification\",\"valueRequired\":true,\"valueName\":\"search_term_string\"}}],\"inLanguage\":\"sv-SE\"}]}<\/script>\n<!-- \/ Yoast SEO plugin. -->","yoast_head_json":{"title":"hur hj\u00e4lper vi dig? - Norra redovisningsbyr\u00e5 AB","robots":{"index":"index","follow":"follow","max-snippet":"max-snippet:-1","max-image-preview":"max-image-preview:large","max-video-preview":"max-video-preview:-1"},"canonical":"https:\/\/norraredovisning.se\/sv\/hur-hjalper-vi-dig\/","og_locale":"sv_SE","og_type":"article","og_title":"hur hj\u00e4lper vi dig? - Norra redovisningsbyr\u00e5 AB","og_description":"Driv framg\u00e5ng genom smarta l\u00f6sningar Dagens aff\u00e4rslandskap f\u00f6r\u00e4ndras st\u00e4ndigt, och organisationer ...","og_url":"https:\/\/norraredovisning.se\/sv\/hur-hjalper-vi-dig\/","og_site_name":"Norra redovisningsbyr\u00e5 AB","article_modified_time":"2025-03-29T18:26:22+00:00","twitter_card":"summary_large_image","twitter_misc":{"Ber\u00e4knad l\u00e4stid":"2 minuter"},"schema":{"@context":"https:\/\/schema.org","@graph":[{"@type":"WebPage","@id":"https:\/\/norraredovisning.se\/sv\/hur-hjalper-vi-dig\/","url":"https:\/\/norraredovisning.se\/sv\/hur-hjalper-vi-dig\/","name":"hur hj\u00e4lper vi dig? - Norra redovisningsbyr\u00e5 AB","isPartOf":{"@id":"https:\/\/norraredovisning.se\/#website"},"datePublished":"2024-06-29T11:13:24+00:00","dateModified":"2025-03-29T18:26:22+00:00","breadcrumb":{"@id":"https:\/\/norraredovisning.se\/sv\/hur-hjalper-vi-dig\/#breadcrumb"},"inLanguage":"sv-SE","potentialAction":[{"@type":"ReadAction","target":["https:\/\/norraredovisning.se\/sv\/hur-hjalper-vi-dig\/"]}]},{"@type":"BreadcrumbList","@id":"https:\/\/norraredovisning.se\/sv\/hur-hjalper-vi-dig\/#breadcrumb","itemListElement":[{"@type":"ListItem","position":1,"name":"Home","item":"https:\/\/norraredovisning.se\/hem\/"},{"@type":"ListItem","position":2,"name":"hur hj\u00e4lper vi dig?"}]},{"@type":"WebSite","@id":"https:\/\/norraredovisning.se\/#website","url":"https:\/\/norraredovisning.se\/","name":"Norra redovisningsbyr\u00e5 AB","description":"","potentialAction":[{"@type":"SearchAction","target":{"@type":"EntryPoint","urlTemplate":"https:\/\/norraredovisning.se\/?s={search_term_string}"},"query-input":{"@type":"PropertyValueSpecification","valueRequired":true,"valueName":"search_term_string"}}],"inLanguage":"sv-SE"}]}},"_links":{"self":[{"href":"https:\/\/norraredovisning.se\/sv\/wp-json\/wp\/v2\/pages\/2484","targetHints":{"allow":["GET"]}}],"collection":[{"href":"https:\/\/norraredovisning.se\/sv\/wp-json\/wp\/v2\/pages"}],"about":[{"href":"https:\/\/norraredovisning.se\/sv\/wp-json\/wp\/v2\/types\/page"}],"author":[{"embeddable":true,"href":"https:\/\/norraredovisning.se\/sv\/wp-json\/wp\/v2\/users\/1"}],"replies":[{"embeddable":true,"href":"https:\/\/norraredovisning.se\/sv\/wp-json\/wp\/v2\/comments?post=2484"}],"version-history":[{"count":3,"href":"https:\/\/norraredovisning.se\/sv\/wp-json\/wp\/v2\/pages\/2484\/revisions"}],"predecessor-version":[{"id":2487,"href":"https:\/\/norraredovisning.se\/sv\/wp-json\/wp\/v2\/pages\/2484\/revisions\/2487"}],"wp:attachment":[{"href":"https:\/\/norraredovisning.se\/sv\/wp-json\/wp\/v2\/media?parent=2484"}],"curies":[{"name":"wp","href":"https:\/\/api.w.org\/{rel}","templated":true}]}}