{"id":2444,"date":"2025-01-05T09:24:33","date_gmt":"2025-01-05T09:24:33","guid":{"rendered":"https:\/\/norraredovisning.se\/skatteradgivning\/"},"modified":"2025-03-29T18:12:44","modified_gmt":"2025-03-29T18:12:44","slug":"skatteradgivning","status":"publish","type":"page","link":"https:\/\/norraredovisning.se\/sv\/skatteradgivning\/","title":{"rendered":"Skatter\u00e5dgivning"},"content":{"rendered":"\t\t<div data-elementor-type=\"wp-page\" data-elementor-id=\"2444\" class=\"elementor elementor-2444 elementor-1993\" data-elementor-post-type=\"page\">\n\t\t\t\t<div class=\"elementor-element elementor-element-7a5001d e-flex e-con-boxed e-con e-parent\" data-id=\"7a5001d\" data-element_type=\"container\" data-e-type=\"container\">\n\t\t\t\t\t<div class=\"e-con-inner\">\n\t\t<div class=\"elementor-element elementor-element-ffaf141 e-con-full e-flex e-con e-child\" data-id=\"ffaf141\" data-element_type=\"container\" data-e-type=\"container\">\n\t\t\t\t<div class=\"elementor-element elementor-element-c32203c elementor-widget elementor-widget-cz_image\" data-id=\"c32203c\" data-element_type=\"widget\" data-e-type=\"widget\" data-widget_type=\"cz_image.default\">\n\t\t\t\t<div class=\"elementor-widget-container\">\n\t\t\t\t\t\r\n\t\t<div class=\"cz_image clr cz_image_no_fx center_on_mobile\">\r\n\r\n\t\t\t<div>\r\n\r\n\t\t\t\t<div class=\"cz_image_in\" data-tilt data-tilt-maxGlare=\"0.2\" data-tilt-glare=\"true\" data-tilt-scale=\"0.9\">\r\n\r\n\t\t\t\t\t<div class=\"cz_main_image\"><img fetchpriority=\"high\" decoding=\"async\" width=\"1280\" height=\"844\" src=\"data:image\/svg+xml,%3Csvg%20xmlns%3D&#39;http%3A%2F%2Fwww.w3.org%2F2000%2Fsvg&#39;%20width=&#39;1280&#39;%20height=&#39;844&#39;%20viewBox%3D&#39;0%200%201280%20844&#39;%2F%3E\" data-czlz data-src=\"https:\/\/norraredovisning.se\/wp-content\/uploads\/2025\/01\/Norra-tax-advice.webp\" class=\"attachment-full size-full wp-image-1995\" alt=\"\" data-srcset=\"https:\/\/norraredovisning.se\/wp-content\/uploads\/2025\/01\/Norra-tax-advice.webp 1280w, https:\/\/norraredovisning.se\/wp-content\/uploads\/2025\/01\/Norra-tax-advice-300x198.webp 300w, https:\/\/norraredovisning.se\/wp-content\/uploads\/2025\/01\/Norra-tax-advice-1024x675.webp 1024w, https:\/\/norraredovisning.se\/wp-content\/uploads\/2025\/01\/Norra-tax-advice-768x506.webp 768w, https:\/\/norraredovisning.se\/wp-content\/uploads\/2025\/01\/Norra-tax-advice-600x396.webp 600w, https:\/\/norraredovisning.se\/wp-content\/uploads\/2025\/01\/Norra-tax-advice-1000x659.webp 1000w\" data-sizes=\"(max-width: 1280px) 100vw, 1280px\" \/><\/div>\r\n\r\n\t\t\t\t\t<div class=\"cz_hover_image\"><img fetchpriority=\"high\" decoding=\"async\" width=\"1280\" height=\"844\" src=\"data:image\/svg+xml,%3Csvg%20xmlns%3D&#39;http%3A%2F%2Fwww.w3.org%2F2000%2Fsvg&#39;%20width=&#39;1280&#39;%20height=&#39;844&#39;%20viewBox%3D&#39;0%200%201280%20844&#39;%2F%3E\" data-czlz data-src=\"https:\/\/norraredovisning.se\/wp-content\/uploads\/2025\/01\/Norra-tax-advice.webp\" class=\"attachment-full size-full wp-image-1995\" alt=\"\" data-srcset=\"https:\/\/norraredovisning.se\/wp-content\/uploads\/2025\/01\/Norra-tax-advice.webp 1280w, https:\/\/norraredovisning.se\/wp-content\/uploads\/2025\/01\/Norra-tax-advice-300x198.webp 300w, https:\/\/norraredovisning.se\/wp-content\/uploads\/2025\/01\/Norra-tax-advice-1024x675.webp 1024w, https:\/\/norraredovisning.se\/wp-content\/uploads\/2025\/01\/Norra-tax-advice-768x506.webp 768w, https:\/\/norraredovisning.se\/wp-content\/uploads\/2025\/01\/Norra-tax-advice-600x396.webp 600w, https:\/\/norraredovisning.se\/wp-content\/uploads\/2025\/01\/Norra-tax-advice-1000x659.webp 1000w\" data-sizes=\"(max-width: 1280px) 100vw, 1280px\" \/><\/div>\r\n\t\t\t\t<\/div>\r\n\r\n\t\t\t\t\r\n\t\t\t<\/div>\r\n\r\n\t\t<\/div>\r\n\r\n\t\t\t\t\t\t<\/div>\n\t\t\t\t<\/div>\n\t\t\t\t<\/div>\n\t\t<div class=\"elementor-element elementor-element-943c48b e-con-full e-flex e-con e-child\" data-id=\"943c48b\" data-element_type=\"container\" data-e-type=\"container\">\n\t\t\t\t<div class=\"elementor-element elementor-element-3a7068a elementor-widget elementor-widget-text-editor\" data-id=\"3a7068a\" data-element_type=\"widget\" data-e-type=\"widget\" data-widget_type=\"text-editor.default\">\n\t\t\t\t<div class=\"elementor-widget-container\">\n\t\t\t\t\t\t\t\t\t<p style=\"text-align: justify;\"><strong>Skatter\u00e5dgivning<\/strong> \u00e4r en ov\u00e4rderlig resurs f\u00f6r individer och f\u00f6retag som vill navigera i komplexa skatteregler och optimera sin ekonomiska planering. Genom att s\u00f6ka professionell skatter\u00e5dgivning kan kunderna s\u00e4kerst\u00e4lla efterlevnad av skattelagar samtidigt som de identifierar m\u00f6jligheter att minska sina skatteskulder. Effektiv skatter\u00e5dgivning hj\u00e4lper ocks\u00e5 till att fatta v\u00e4lgrundade beslut om avdrag, krediter och investeringar, vilket i slut\u00e4ndan bidrar till b\u00e4ttre ekonomiska resultat och sinnesfrid.<\/p>\t\t\t\t\t\t\t\t<\/div>\n\t\t\t\t<\/div>\n\t\t\t\t<\/div>\n\t\t\t\t\t<\/div>\n\t\t\t\t<\/div>\n\t\t\t\t<\/div>\n\t\t","protected":false},"excerpt":{"rendered":"<p>Skatter\u00e5dgivning \u00e4r en ov\u00e4rderlig resurs f\u00f6r individer och f\u00f6retag som vill &#8230; <\/p>\n","protected":false},"author":1,"featured_media":0,"parent":0,"menu_order":0,"comment_status":"closed","ping_status":"closed","template":"","meta":{"nf_dc_page":"","_monsterinsights_skip_tracking":false,"_monsterinsights_sitenote_active":false,"_monsterinsights_sitenote_note":"","_monsterinsights_sitenote_category":0,"footnotes":""},"class_list":["post-2444","page","type-page","status-publish","hentry"],"yoast_head":"<!-- This site is optimized with the Yoast SEO plugin v27.4 - https:\/\/yoast.com\/product\/yoast-seo-wordpress\/ -->\n<title>Skatter\u00e5dgivning - Norra redovisningsbyr\u00e5 AB<\/title>\n<meta name=\"robots\" content=\"index, follow, max-snippet:-1, max-image-preview:large, max-video-preview:-1\" \/>\n<link rel=\"canonical\" href=\"https:\/\/norraredovisning.se\/tax-advice\/\" \/>\n<meta property=\"og:locale\" content=\"sv_SE\" \/>\n<meta property=\"og:type\" content=\"article\" \/>\n<meta property=\"og:title\" content=\"Skatter\u00e5dgivning - Norra redovisningsbyr\u00e5 AB\" \/>\n<meta property=\"og:description\" content=\"Skatter\u00e5dgivning \u00e4r en ov\u00e4rderlig resurs f\u00f6r individer och f\u00f6retag som vill ...\" \/>\n<meta property=\"og:url\" content=\"https:\/\/norraredovisning.se\/tax-advice\/\" \/>\n<meta property=\"og:site_name\" content=\"Norra redovisningsbyr\u00e5 AB\" \/>\n<meta property=\"article:modified_time\" content=\"2025-03-29T18:12:44+00:00\" \/>\n<meta property=\"og:image\" content=\"https:\/\/norraredovisning.se\/wp-content\/uploads\/2025\/01\/Norra-tax-advice.webp\" \/>\n\t<meta property=\"og:image:width\" content=\"1280\" \/>\n\t<meta property=\"og:image:height\" content=\"844\" \/>\n\t<meta property=\"og:image:type\" content=\"image\/webp\" \/>\n<meta name=\"twitter:card\" content=\"summary_large_image\" \/>\n<script type=\"application\/ld+json\" class=\"yoast-schema-graph\">{\"@context\":\"https:\\\/\\\/schema.org\",\"@graph\":[{\"@type\":\"WebPage\",\"@id\":\"https:\\\/\\\/norraredovisning.se\\\/tax-advice\\\/\",\"url\":\"https:\\\/\\\/norraredovisning.se\\\/tax-advice\\\/\",\"name\":\"Skatter\u00e5dgivning - Norra redovisningsbyr\u00e5 AB\",\"isPartOf\":{\"@id\":\"https:\\\/\\\/norraredovisning.se\\\/#website\"},\"primaryImageOfPage\":{\"@id\":\"https:\\\/\\\/norraredovisning.se\\\/tax-advice\\\/#primaryimage\"},\"image\":{\"@id\":\"https:\\\/\\\/norraredovisning.se\\\/tax-advice\\\/#primaryimage\"},\"thumbnailUrl\":\"https:\\\/\\\/norraredovisning.se\\\/wp-content\\\/uploads\\\/2025\\\/01\\\/Norra-tax-advice.webp\",\"datePublished\":\"2025-01-05T09:24:33+00:00\",\"dateModified\":\"2025-03-29T18:12:44+00:00\",\"breadcrumb\":{\"@id\":\"https:\\\/\\\/norraredovisning.se\\\/tax-advice\\\/#breadcrumb\"},\"inLanguage\":\"sv-SE\",\"potentialAction\":[{\"@type\":\"ReadAction\",\"target\":[\"https:\\\/\\\/norraredovisning.se\\\/tax-advice\\\/\"]}]},{\"@type\":\"ImageObject\",\"inLanguage\":\"sv-SE\",\"@id\":\"https:\\\/\\\/norraredovisning.se\\\/tax-advice\\\/#primaryimage\",\"url\":\"https:\\\/\\\/norraredovisning.se\\\/wp-content\\\/uploads\\\/2025\\\/01\\\/Norra-tax-advice.webp\",\"contentUrl\":\"https:\\\/\\\/norraredovisning.se\\\/wp-content\\\/uploads\\\/2025\\\/01\\\/Norra-tax-advice.webp\"},{\"@type\":\"BreadcrumbList\",\"@id\":\"https:\\\/\\\/norraredovisning.se\\\/tax-advice\\\/#breadcrumb\",\"itemListElement\":[{\"@type\":\"ListItem\",\"position\":1,\"name\":\"Home\",\"item\":\"https:\\\/\\\/norraredovisning.se\\\/hem\\\/\"},{\"@type\":\"ListItem\",\"position\":2,\"name\":\"Skatter\u00e5dgivning\"}]},{\"@type\":\"WebSite\",\"@id\":\"https:\\\/\\\/norraredovisning.se\\\/#website\",\"url\":\"https:\\\/\\\/norraredovisning.se\\\/\",\"name\":\"Norra redovisningsbyr\u00e5 AB\",\"description\":\"\",\"potentialAction\":[{\"@type\":\"SearchAction\",\"target\":{\"@type\":\"EntryPoint\",\"urlTemplate\":\"https:\\\/\\\/norraredovisning.se\\\/?s={search_term_string}\"},\"query-input\":{\"@type\":\"PropertyValueSpecification\",\"valueRequired\":true,\"valueName\":\"search_term_string\"}}],\"inLanguage\":\"sv-SE\"}]}<\/script>\n<!-- \/ Yoast SEO plugin. -->","yoast_head_json":{"title":"Skatter\u00e5dgivning - Norra redovisningsbyr\u00e5 AB","robots":{"index":"index","follow":"follow","max-snippet":"max-snippet:-1","max-image-preview":"max-image-preview:large","max-video-preview":"max-video-preview:-1"},"canonical":"https:\/\/norraredovisning.se\/tax-advice\/","og_locale":"sv_SE","og_type":"article","og_title":"Skatter\u00e5dgivning - Norra redovisningsbyr\u00e5 AB","og_description":"Skatter\u00e5dgivning \u00e4r en ov\u00e4rderlig resurs f\u00f6r individer och f\u00f6retag som vill ...","og_url":"https:\/\/norraredovisning.se\/tax-advice\/","og_site_name":"Norra redovisningsbyr\u00e5 AB","article_modified_time":"2025-03-29T18:12:44+00:00","og_image":[{"width":1280,"height":844,"url":"https:\/\/norraredovisning.se\/wp-content\/uploads\/2025\/01\/Norra-tax-advice.webp","type":"image\/webp"}],"twitter_card":"summary_large_image","schema":{"@context":"https:\/\/schema.org","@graph":[{"@type":"WebPage","@id":"https:\/\/norraredovisning.se\/tax-advice\/","url":"https:\/\/norraredovisning.se\/tax-advice\/","name":"Skatter\u00e5dgivning - Norra redovisningsbyr\u00e5 AB","isPartOf":{"@id":"https:\/\/norraredovisning.se\/#website"},"primaryImageOfPage":{"@id":"https:\/\/norraredovisning.se\/tax-advice\/#primaryimage"},"image":{"@id":"https:\/\/norraredovisning.se\/tax-advice\/#primaryimage"},"thumbnailUrl":"https:\/\/norraredovisning.se\/wp-content\/uploads\/2025\/01\/Norra-tax-advice.webp","datePublished":"2025-01-05T09:24:33+00:00","dateModified":"2025-03-29T18:12:44+00:00","breadcrumb":{"@id":"https:\/\/norraredovisning.se\/tax-advice\/#breadcrumb"},"inLanguage":"sv-SE","potentialAction":[{"@type":"ReadAction","target":["https:\/\/norraredovisning.se\/tax-advice\/"]}]},{"@type":"ImageObject","inLanguage":"sv-SE","@id":"https:\/\/norraredovisning.se\/tax-advice\/#primaryimage","url":"https:\/\/norraredovisning.se\/wp-content\/uploads\/2025\/01\/Norra-tax-advice.webp","contentUrl":"https:\/\/norraredovisning.se\/wp-content\/uploads\/2025\/01\/Norra-tax-advice.webp"},{"@type":"BreadcrumbList","@id":"https:\/\/norraredovisning.se\/tax-advice\/#breadcrumb","itemListElement":[{"@type":"ListItem","position":1,"name":"Home","item":"https:\/\/norraredovisning.se\/hem\/"},{"@type":"ListItem","position":2,"name":"Skatter\u00e5dgivning"}]},{"@type":"WebSite","@id":"https:\/\/norraredovisning.se\/#website","url":"https:\/\/norraredovisning.se\/","name":"Norra redovisningsbyr\u00e5 AB","description":"","potentialAction":[{"@type":"SearchAction","target":{"@type":"EntryPoint","urlTemplate":"https:\/\/norraredovisning.se\/?s={search_term_string}"},"query-input":{"@type":"PropertyValueSpecification","valueRequired":true,"valueName":"search_term_string"}}],"inLanguage":"sv-SE"}]}},"_links":{"self":[{"href":"https:\/\/norraredovisning.se\/sv\/wp-json\/wp\/v2\/pages\/2444","targetHints":{"allow":["GET"]}}],"collection":[{"href":"https:\/\/norraredovisning.se\/sv\/wp-json\/wp\/v2\/pages"}],"about":[{"href":"https:\/\/norraredovisning.se\/sv\/wp-json\/wp\/v2\/types\/page"}],"author":[{"embeddable":true,"href":"https:\/\/norraredovisning.se\/sv\/wp-json\/wp\/v2\/users\/1"}],"replies":[{"embeddable":true,"href":"https:\/\/norraredovisning.se\/sv\/wp-json\/wp\/v2\/comments?post=2444"}],"version-history":[{"count":3,"href":"https:\/\/norraredovisning.se\/sv\/wp-json\/wp\/v2\/pages\/2444\/revisions"}],"predecessor-version":[{"id":2459,"href":"https:\/\/norraredovisning.se\/sv\/wp-json\/wp\/v2\/pages\/2444\/revisions\/2459"}],"wp:attachment":[{"href":"https:\/\/norraredovisning.se\/sv\/wp-json\/wp\/v2\/media?parent=2444"}],"curies":[{"name":"wp","href":"https:\/\/api.w.org\/{rel}","templated":true}]}}