{"id":2443,"date":"2025-01-05T09:47:27","date_gmt":"2025-01-05T09:47:27","guid":{"rendered":"https:\/\/norraredovisning.se\/riskhantering\/"},"modified":"2025-03-29T18:16:27","modified_gmt":"2025-03-29T18:16:27","slug":"riskhantering","status":"publish","type":"page","link":"https:\/\/norraredovisning.se\/sv\/riskhantering\/","title":{"rendered":"Riskhantering"},"content":{"rendered":"\t\t<div data-elementor-type=\"wp-page\" data-elementor-id=\"2443\" class=\"elementor elementor-2443 elementor-2028\" data-elementor-post-type=\"page\">\n\t\t\t\t<div class=\"elementor-element elementor-element-7a5001d e-flex e-con-boxed e-con e-parent\" data-id=\"7a5001d\" data-element_type=\"container\" data-e-type=\"container\">\n\t\t\t\t\t<div class=\"e-con-inner\">\n\t\t<div class=\"elementor-element elementor-element-ffaf141 e-con-full e-flex e-con e-child\" data-id=\"ffaf141\" data-element_type=\"container\" data-e-type=\"container\">\n\t\t\t\t<div class=\"elementor-element elementor-element-c32203c elementor-widget elementor-widget-cz_image\" data-id=\"c32203c\" data-element_type=\"widget\" data-e-type=\"widget\" data-widget_type=\"cz_image.default\">\n\t\t\t\t<div class=\"elementor-widget-container\">\n\t\t\t\t\t\r\n\t\t<div class=\"cz_image clr cz_image_no_fx center_on_mobile\">\r\n\r\n\t\t\t<div>\r\n\r\n\t\t\t\t<div class=\"cz_image_in\" data-tilt data-tilt-maxGlare=\"0.2\" data-tilt-glare=\"true\" data-tilt-scale=\"0.9\">\r\n\r\n\t\t\t\t\t<div class=\"cz_main_image\"><img fetchpriority=\"high\" decoding=\"async\" width=\"1365\" height=\"768\" src=\"data:image\/svg+xml,%3Csvg%20xmlns%3D&#39;http%3A%2F%2Fwww.w3.org%2F2000%2Fsvg&#39;%20width=&#39;1365&#39;%20height=&#39;768&#39;%20viewBox%3D&#39;0%200%201365%20768&#39;%2F%3E\" data-czlz data-src=\"https:\/\/norraredovisning.se\/wp-content\/uploads\/2025\/01\/Norra-Risk.jpeg\" class=\"attachment-full size-full wp-image-2030\" alt=\"\" data-srcset=\"https:\/\/norraredovisning.se\/wp-content\/uploads\/2025\/01\/Norra-Risk.jpeg 1365w, https:\/\/norraredovisning.se\/wp-content\/uploads\/2025\/01\/Norra-Risk-300x169.jpeg 300w, https:\/\/norraredovisning.se\/wp-content\/uploads\/2025\/01\/Norra-Risk-1024x576.jpeg 1024w, https:\/\/norraredovisning.se\/wp-content\/uploads\/2025\/01\/Norra-Risk-768x432.jpeg 768w, https:\/\/norraredovisning.se\/wp-content\/uploads\/2025\/01\/Norra-Risk-600x338.jpeg 600w, https:\/\/norraredovisning.se\/wp-content\/uploads\/2025\/01\/Norra-Risk-1000x563.jpeg 1000w\" data-sizes=\"(max-width: 1365px) 100vw, 1365px\" \/><\/div>\r\n\r\n\t\t\t\t\t<div class=\"cz_hover_image\"><img fetchpriority=\"high\" decoding=\"async\" width=\"1365\" height=\"768\" src=\"data:image\/svg+xml,%3Csvg%20xmlns%3D&#39;http%3A%2F%2Fwww.w3.org%2F2000%2Fsvg&#39;%20width=&#39;1365&#39;%20height=&#39;768&#39;%20viewBox%3D&#39;0%200%201365%20768&#39;%2F%3E\" data-czlz data-src=\"https:\/\/norraredovisning.se\/wp-content\/uploads\/2025\/01\/Norra-Risk.jpeg\" class=\"attachment-full size-full wp-image-2030\" alt=\"\" data-srcset=\"https:\/\/norraredovisning.se\/wp-content\/uploads\/2025\/01\/Norra-Risk.jpeg 1365w, https:\/\/norraredovisning.se\/wp-content\/uploads\/2025\/01\/Norra-Risk-300x169.jpeg 300w, https:\/\/norraredovisning.se\/wp-content\/uploads\/2025\/01\/Norra-Risk-1024x576.jpeg 1024w, https:\/\/norraredovisning.se\/wp-content\/uploads\/2025\/01\/Norra-Risk-768x432.jpeg 768w, https:\/\/norraredovisning.se\/wp-content\/uploads\/2025\/01\/Norra-Risk-600x338.jpeg 600w, https:\/\/norraredovisning.se\/wp-content\/uploads\/2025\/01\/Norra-Risk-1000x563.jpeg 1000w\" data-sizes=\"(max-width: 1365px) 100vw, 1365px\" \/><\/div>\r\n\t\t\t\t<\/div>\r\n\r\n\t\t\t\t\r\n\t\t\t<\/div>\r\n\r\n\t\t<\/div>\r\n\r\n\t\t\t\t\t\t<\/div>\n\t\t\t\t<\/div>\n\t\t\t\t<\/div>\n\t\t<div class=\"elementor-element elementor-element-943c48b e-con-full e-flex e-con e-child\" data-id=\"943c48b\" data-element_type=\"container\" data-e-type=\"container\">\n\t\t\t\t<div class=\"elementor-element elementor-element-3a7068a elementor-widget elementor-widget-text-editor\" data-id=\"3a7068a\" data-element_type=\"widget\" data-e-type=\"widget\" data-widget_type=\"text-editor.default\">\n\t\t\t\t<div class=\"elementor-widget-container\">\n\t\t\t\t\t\t\t\t\t<p style=\"text-align: justify;\"><strong>Riskhantering<\/strong> \u00e4r en avg\u00f6rande process f\u00f6r att identifiera, bed\u00f6ma och mildra potentiella risker som kan p\u00e5verka en organisations verksamhet eller finansiella stabilitet. Genom att implementera effektiva riskhanteringsstrategier kan f\u00f6retag proaktivt ta itu med hot som marknadsfluktuationer, juridiska fr\u00e5gor eller cybers\u00e4kerhetsintr\u00e5ng. Ett starkt fokus p\u00e5 riskhantering hj\u00e4lper organisationer att minimera potentiella f\u00f6rluster och s\u00e4kerst\u00e4ller att de \u00e4r b\u00e4ttre f\u00f6rberedda f\u00f6r att hantera of\u00f6rutsedda utmaningar, vilket i slut\u00e4ndan bidrar till l\u00e5ngsiktig framg\u00e5ng och motst\u00e5ndskraft.<\/p>\t\t\t\t\t\t\t\t<\/div>\n\t\t\t\t<\/div>\n\t\t\t\t<\/div>\n\t\t\t\t\t<\/div>\n\t\t\t\t<\/div>\n\t\t\t\t<\/div>\n\t\t","protected":false},"excerpt":{"rendered":"<p>Riskhantering \u00e4r en avg\u00f6rande process f\u00f6r att identifiera, bed\u00f6ma och mildra &#8230; <\/p>\n","protected":false},"author":1,"featured_media":0,"parent":0,"menu_order":0,"comment_status":"closed","ping_status":"closed","template":"","meta":{"nf_dc_page":"","_monsterinsights_skip_tracking":false,"_monsterinsights_sitenote_active":false,"_monsterinsights_sitenote_note":"","_monsterinsights_sitenote_category":0,"footnotes":""},"class_list":["post-2443","page","type-page","status-publish","hentry"],"yoast_head":"<!-- This site is optimized with the Yoast SEO plugin v27.4 - https:\/\/yoast.com\/product\/yoast-seo-wordpress\/ -->\n<title>Riskhantering - Norra redovisningsbyr\u00e5 AB<\/title>\n<meta name=\"robots\" content=\"index, follow, max-snippet:-1, max-image-preview:large, max-video-preview:-1\" \/>\n<link rel=\"canonical\" href=\"https:\/\/norraredovisning.se\/risk-management\/\" \/>\n<meta property=\"og:locale\" content=\"sv_SE\" \/>\n<meta property=\"og:type\" content=\"article\" \/>\n<meta property=\"og:title\" content=\"Riskhantering - Norra redovisningsbyr\u00e5 AB\" \/>\n<meta property=\"og:description\" content=\"Riskhantering \u00e4r en avg\u00f6rande process f\u00f6r att identifiera, bed\u00f6ma och mildra ...\" \/>\n<meta property=\"og:url\" content=\"https:\/\/norraredovisning.se\/risk-management\/\" \/>\n<meta property=\"og:site_name\" content=\"Norra redovisningsbyr\u00e5 AB\" \/>\n<meta property=\"article:modified_time\" content=\"2025-03-29T18:16:27+00:00\" \/>\n<meta property=\"og:image\" content=\"https:\/\/norraredovisning.se\/wp-content\/uploads\/2025\/01\/Norra-Risk.jpeg\" \/>\n\t<meta property=\"og:image:width\" content=\"1365\" \/>\n\t<meta property=\"og:image:height\" content=\"768\" \/>\n\t<meta property=\"og:image:type\" content=\"image\/jpeg\" \/>\n<meta name=\"twitter:card\" content=\"summary_large_image\" \/>\n<meta name=\"twitter:label1\" content=\"Ber\u00e4knad l\u00e4stid\" \/>\n\t<meta name=\"twitter:data1\" content=\"1 minut\" \/>\n<script type=\"application\/ld+json\" class=\"yoast-schema-graph\">{\"@context\":\"https:\\\/\\\/schema.org\",\"@graph\":[{\"@type\":\"WebPage\",\"@id\":\"https:\\\/\\\/norraredovisning.se\\\/risk-management\\\/\",\"url\":\"https:\\\/\\\/norraredovisning.se\\\/risk-management\\\/\",\"name\":\"Riskhantering - Norra redovisningsbyr\u00e5 AB\",\"isPartOf\":{\"@id\":\"https:\\\/\\\/norraredovisning.se\\\/#website\"},\"primaryImageOfPage\":{\"@id\":\"https:\\\/\\\/norraredovisning.se\\\/risk-management\\\/#primaryimage\"},\"image\":{\"@id\":\"https:\\\/\\\/norraredovisning.se\\\/risk-management\\\/#primaryimage\"},\"thumbnailUrl\":\"https:\\\/\\\/norraredovisning.se\\\/wp-content\\\/uploads\\\/2025\\\/01\\\/Norra-Risk.jpeg\",\"datePublished\":\"2025-01-05T09:47:27+00:00\",\"dateModified\":\"2025-03-29T18:16:27+00:00\",\"breadcrumb\":{\"@id\":\"https:\\\/\\\/norraredovisning.se\\\/risk-management\\\/#breadcrumb\"},\"inLanguage\":\"sv-SE\",\"potentialAction\":[{\"@type\":\"ReadAction\",\"target\":[\"https:\\\/\\\/norraredovisning.se\\\/risk-management\\\/\"]}]},{\"@type\":\"ImageObject\",\"inLanguage\":\"sv-SE\",\"@id\":\"https:\\\/\\\/norraredovisning.se\\\/risk-management\\\/#primaryimage\",\"url\":\"https:\\\/\\\/norraredovisning.se\\\/wp-content\\\/uploads\\\/2025\\\/01\\\/Norra-Risk.jpeg\",\"contentUrl\":\"https:\\\/\\\/norraredovisning.se\\\/wp-content\\\/uploads\\\/2025\\\/01\\\/Norra-Risk.jpeg\"},{\"@type\":\"BreadcrumbList\",\"@id\":\"https:\\\/\\\/norraredovisning.se\\\/risk-management\\\/#breadcrumb\",\"itemListElement\":[{\"@type\":\"ListItem\",\"position\":1,\"name\":\"Home\",\"item\":\"https:\\\/\\\/norraredovisning.se\\\/hem\\\/\"},{\"@type\":\"ListItem\",\"position\":2,\"name\":\"Riskhantering\"}]},{\"@type\":\"WebSite\",\"@id\":\"https:\\\/\\\/norraredovisning.se\\\/#website\",\"url\":\"https:\\\/\\\/norraredovisning.se\\\/\",\"name\":\"Norra redovisningsbyr\u00e5 AB\",\"description\":\"\",\"potentialAction\":[{\"@type\":\"SearchAction\",\"target\":{\"@type\":\"EntryPoint\",\"urlTemplate\":\"https:\\\/\\\/norraredovisning.se\\\/?s={search_term_string}\"},\"query-input\":{\"@type\":\"PropertyValueSpecification\",\"valueRequired\":true,\"valueName\":\"search_term_string\"}}],\"inLanguage\":\"sv-SE\"}]}<\/script>\n<!-- \/ Yoast SEO plugin. -->","yoast_head_json":{"title":"Riskhantering - Norra redovisningsbyr\u00e5 AB","robots":{"index":"index","follow":"follow","max-snippet":"max-snippet:-1","max-image-preview":"max-image-preview:large","max-video-preview":"max-video-preview:-1"},"canonical":"https:\/\/norraredovisning.se\/risk-management\/","og_locale":"sv_SE","og_type":"article","og_title":"Riskhantering - Norra redovisningsbyr\u00e5 AB","og_description":"Riskhantering \u00e4r en avg\u00f6rande process f\u00f6r att identifiera, bed\u00f6ma och mildra ...","og_url":"https:\/\/norraredovisning.se\/risk-management\/","og_site_name":"Norra redovisningsbyr\u00e5 AB","article_modified_time":"2025-03-29T18:16:27+00:00","og_image":[{"width":1365,"height":768,"url":"https:\/\/norraredovisning.se\/wp-content\/uploads\/2025\/01\/Norra-Risk.jpeg","type":"image\/jpeg"}],"twitter_card":"summary_large_image","twitter_misc":{"Ber\u00e4knad l\u00e4stid":"1 minut"},"schema":{"@context":"https:\/\/schema.org","@graph":[{"@type":"WebPage","@id":"https:\/\/norraredovisning.se\/risk-management\/","url":"https:\/\/norraredovisning.se\/risk-management\/","name":"Riskhantering - Norra redovisningsbyr\u00e5 AB","isPartOf":{"@id":"https:\/\/norraredovisning.se\/#website"},"primaryImageOfPage":{"@id":"https:\/\/norraredovisning.se\/risk-management\/#primaryimage"},"image":{"@id":"https:\/\/norraredovisning.se\/risk-management\/#primaryimage"},"thumbnailUrl":"https:\/\/norraredovisning.se\/wp-content\/uploads\/2025\/01\/Norra-Risk.jpeg","datePublished":"2025-01-05T09:47:27+00:00","dateModified":"2025-03-29T18:16:27+00:00","breadcrumb":{"@id":"https:\/\/norraredovisning.se\/risk-management\/#breadcrumb"},"inLanguage":"sv-SE","potentialAction":[{"@type":"ReadAction","target":["https:\/\/norraredovisning.se\/risk-management\/"]}]},{"@type":"ImageObject","inLanguage":"sv-SE","@id":"https:\/\/norraredovisning.se\/risk-management\/#primaryimage","url":"https:\/\/norraredovisning.se\/wp-content\/uploads\/2025\/01\/Norra-Risk.jpeg","contentUrl":"https:\/\/norraredovisning.se\/wp-content\/uploads\/2025\/01\/Norra-Risk.jpeg"},{"@type":"BreadcrumbList","@id":"https:\/\/norraredovisning.se\/risk-management\/#breadcrumb","itemListElement":[{"@type":"ListItem","position":1,"name":"Home","item":"https:\/\/norraredovisning.se\/hem\/"},{"@type":"ListItem","position":2,"name":"Riskhantering"}]},{"@type":"WebSite","@id":"https:\/\/norraredovisning.se\/#website","url":"https:\/\/norraredovisning.se\/","name":"Norra redovisningsbyr\u00e5 AB","description":"","potentialAction":[{"@type":"SearchAction","target":{"@type":"EntryPoint","urlTemplate":"https:\/\/norraredovisning.se\/?s={search_term_string}"},"query-input":{"@type":"PropertyValueSpecification","valueRequired":true,"valueName":"search_term_string"}}],"inLanguage":"sv-SE"}]}},"_links":{"self":[{"href":"https:\/\/norraredovisning.se\/sv\/wp-json\/wp\/v2\/pages\/2443","targetHints":{"allow":["GET"]}}],"collection":[{"href":"https:\/\/norraredovisning.se\/sv\/wp-json\/wp\/v2\/pages"}],"about":[{"href":"https:\/\/norraredovisning.se\/sv\/wp-json\/wp\/v2\/types\/page"}],"author":[{"embeddable":true,"href":"https:\/\/norraredovisning.se\/sv\/wp-json\/wp\/v2\/users\/1"}],"replies":[{"embeddable":true,"href":"https:\/\/norraredovisning.se\/sv\/wp-json\/wp\/v2\/comments?post=2443"}],"version-history":[{"count":3,"href":"https:\/\/norraredovisning.se\/sv\/wp-json\/wp\/v2\/pages\/2443\/revisions"}],"predecessor-version":[{"id":2471,"href":"https:\/\/norraredovisning.se\/sv\/wp-json\/wp\/v2\/pages\/2443\/revisions\/2471"}],"wp:attachment":[{"href":"https:\/\/norraredovisning.se\/sv\/wp-json\/wp\/v2\/media?parent=2443"}],"curies":[{"name":"wp","href":"https:\/\/api.w.org\/{rel}","templated":true}]}}