{"id":2441,"date":"2025-01-05T09:44:44","date_gmt":"2025-01-05T09:44:44","guid":{"rendered":"https:\/\/norraredovisning.se\/en-intensivkurs\/"},"modified":"2025-03-29T18:15:51","modified_gmt":"2025-03-29T18:15:51","slug":"en-intensivkurs","status":"publish","type":"page","link":"https:\/\/norraredovisning.se\/sv\/en-intensivkurs\/","title":{"rendered":"En intensivkurs"},"content":{"rendered":"\t\t<div data-elementor-type=\"wp-page\" data-elementor-id=\"2441\" class=\"elementor elementor-2441 elementor-2021\" data-elementor-post-type=\"page\">\n\t\t\t\t<div class=\"elementor-element elementor-element-7a5001d e-flex e-con-boxed e-con e-parent\" data-id=\"7a5001d\" data-element_type=\"container\" data-e-type=\"container\">\n\t\t\t\t\t<div class=\"e-con-inner\">\n\t\t<div class=\"elementor-element elementor-element-ffaf141 e-con-full e-flex e-con e-child\" data-id=\"ffaf141\" data-element_type=\"container\" data-e-type=\"container\">\n\t\t\t\t<div class=\"elementor-element elementor-element-c32203c elementor-widget elementor-widget-cz_image\" data-id=\"c32203c\" data-element_type=\"widget\" data-e-type=\"widget\" data-widget_type=\"cz_image.default\">\n\t\t\t\t<div class=\"elementor-widget-container\">\n\t\t\t\t\t\r\n\t\t<div class=\"cz_image clr cz_image_no_fx center_on_mobile\">\r\n\r\n\t\t\t<div>\r\n\r\n\t\t\t\t<div class=\"cz_image_in\" data-tilt data-tilt-maxGlare=\"0.2\" data-tilt-glare=\"true\" data-tilt-scale=\"0.9\">\r\n\r\n\t\t\t\t\t<div class=\"cz_main_image\"><img fetchpriority=\"high\" decoding=\"async\" width=\"1198\" height=\"799\" src=\"data:image\/svg+xml,%3Csvg%20xmlns%3D&#39;http%3A%2F%2Fwww.w3.org%2F2000%2Fsvg&#39;%20width=&#39;1198&#39;%20height=&#39;799&#39;%20viewBox%3D&#39;0%200%201198%20799&#39;%2F%3E\" data-czlz data-src=\"https:\/\/norraredovisning.se\/wp-content\/uploads\/2025\/01\/Norra-Intensive-course.webp\" class=\"attachment-full size-full wp-image-2024\" alt=\"\" data-srcset=\"https:\/\/norraredovisning.se\/wp-content\/uploads\/2025\/01\/Norra-Intensive-course.webp 1198w, https:\/\/norraredovisning.se\/wp-content\/uploads\/2025\/01\/Norra-Intensive-course-300x200.webp 300w, https:\/\/norraredovisning.se\/wp-content\/uploads\/2025\/01\/Norra-Intensive-course-1024x683.webp 1024w, https:\/\/norraredovisning.se\/wp-content\/uploads\/2025\/01\/Norra-Intensive-course-768x512.webp 768w, https:\/\/norraredovisning.se\/wp-content\/uploads\/2025\/01\/Norra-Intensive-course-600x400.webp 600w, https:\/\/norraredovisning.se\/wp-content\/uploads\/2025\/01\/Norra-Intensive-course-1000x667.webp 1000w\" data-sizes=\"(max-width: 1198px) 100vw, 1198px\" \/><\/div>\r\n\r\n\t\t\t\t\t<div class=\"cz_hover_image\"><img fetchpriority=\"high\" decoding=\"async\" width=\"1198\" height=\"799\" src=\"data:image\/svg+xml,%3Csvg%20xmlns%3D&#39;http%3A%2F%2Fwww.w3.org%2F2000%2Fsvg&#39;%20width=&#39;1198&#39;%20height=&#39;799&#39;%20viewBox%3D&#39;0%200%201198%20799&#39;%2F%3E\" data-czlz data-src=\"https:\/\/norraredovisning.se\/wp-content\/uploads\/2025\/01\/Norra-Intensive-course.webp\" class=\"attachment-full size-full wp-image-2024\" alt=\"\" data-srcset=\"https:\/\/norraredovisning.se\/wp-content\/uploads\/2025\/01\/Norra-Intensive-course.webp 1198w, https:\/\/norraredovisning.se\/wp-content\/uploads\/2025\/01\/Norra-Intensive-course-300x200.webp 300w, https:\/\/norraredovisning.se\/wp-content\/uploads\/2025\/01\/Norra-Intensive-course-1024x683.webp 1024w, https:\/\/norraredovisning.se\/wp-content\/uploads\/2025\/01\/Norra-Intensive-course-768x512.webp 768w, https:\/\/norraredovisning.se\/wp-content\/uploads\/2025\/01\/Norra-Intensive-course-600x400.webp 600w, https:\/\/norraredovisning.se\/wp-content\/uploads\/2025\/01\/Norra-Intensive-course-1000x667.webp 1000w\" data-sizes=\"(max-width: 1198px) 100vw, 1198px\" \/><\/div>\r\n\t\t\t\t<\/div>\r\n\r\n\t\t\t\t\r\n\t\t\t<\/div>\r\n\r\n\t\t<\/div>\r\n\r\n\t\t\t\t\t\t<\/div>\n\t\t\t\t<\/div>\n\t\t\t\t<\/div>\n\t\t<div class=\"elementor-element elementor-element-943c48b e-con-full e-flex e-con e-child\" data-id=\"943c48b\" data-element_type=\"container\" data-e-type=\"container\">\n\t\t\t\t<div class=\"elementor-element elementor-element-3a7068a elementor-widget elementor-widget-text-editor\" data-id=\"3a7068a\" data-element_type=\"widget\" data-e-type=\"widget\" data-widget_type=\"text-editor.default\">\n\t\t\t\t<div class=\"elementor-widget-container\">\n\t\t\t\t\t\t\t\t\t<p style=\"text-align: justify;\"><strong>En intensivkurs <\/strong>f\u00f6r ekonomiprogrammet \u00e4r utformad f\u00f6r att ge en djup och fokuserad f\u00f6rst\u00e5else av ekonomiska principer i en f\u00f6rkortad period. Denna intensiva kurs t\u00e4cker nyckel\u00e4mnen som mikroekonomi, makroekonomi, finansmarknader och ekonomisk politik, vilket g\u00f6r att studenterna snabbt kan f\u00f6rst\u00e5 komplexa begrepp. Den rigor\u00f6sa karakt\u00e4ren hos en intensivkurs s\u00e4kerst\u00e4ller att deltagarna f\u00e5r omfattande kunskaper och praktiska f\u00e4rdigheter, vilket g\u00f6r det till ett idealiskt alternativ f\u00f6r dem som vill avancera sina karri\u00e4rer eller f\u00f6rdjupa sin expertis inom ekonomi inom en kort tidsram.<\/p>\t\t\t\t\t\t\t\t<\/div>\n\t\t\t\t<\/div>\n\t\t\t\t<\/div>\n\t\t\t\t\t<\/div>\n\t\t\t\t<\/div>\n\t\t\t\t<\/div>\n\t\t","protected":false},"excerpt":{"rendered":"<p>En intensivkurs f\u00f6r ekonomiprogrammet \u00e4r utformad f\u00f6r att ge en djup &#8230; <\/p>\n","protected":false},"author":1,"featured_media":0,"parent":0,"menu_order":0,"comment_status":"closed","ping_status":"closed","template":"","meta":{"nf_dc_page":"","_monsterinsights_skip_tracking":false,"_monsterinsights_sitenote_active":false,"_monsterinsights_sitenote_note":"","_monsterinsights_sitenote_category":0,"footnotes":""},"class_list":["post-2441","page","type-page","status-publish","hentry"],"yoast_head":"<!-- This site is optimized with the Yoast SEO plugin v27.4 - https:\/\/yoast.com\/product\/yoast-seo-wordpress\/ -->\n<title>En intensivkurs - Norra redovisningsbyr\u00e5 AB<\/title>\n<meta name=\"robots\" content=\"index, follow, max-snippet:-1, max-image-preview:large, max-video-preview:-1\" \/>\n<link rel=\"canonical\" href=\"https:\/\/norraredovisning.se\/intensive-course\/\" \/>\n<meta property=\"og:locale\" content=\"sv_SE\" \/>\n<meta property=\"og:type\" content=\"article\" \/>\n<meta property=\"og:title\" content=\"En intensivkurs - Norra redovisningsbyr\u00e5 AB\" \/>\n<meta property=\"og:description\" content=\"En intensivkurs f\u00f6r ekonomiprogrammet \u00e4r utformad f\u00f6r att ge en djup ...\" \/>\n<meta property=\"og:url\" content=\"https:\/\/norraredovisning.se\/intensive-course\/\" \/>\n<meta property=\"og:site_name\" content=\"Norra redovisningsbyr\u00e5 AB\" \/>\n<meta property=\"article:modified_time\" content=\"2025-03-29T18:15:51+00:00\" \/>\n<meta property=\"og:image\" content=\"https:\/\/norraredovisning.se\/wp-content\/uploads\/2025\/01\/Norra-Intensive-course.webp\" \/>\n\t<meta property=\"og:image:width\" content=\"1198\" \/>\n\t<meta property=\"og:image:height\" content=\"799\" \/>\n\t<meta property=\"og:image:type\" content=\"image\/webp\" \/>\n<meta name=\"twitter:card\" content=\"summary_large_image\" \/>\n<meta name=\"twitter:label1\" content=\"Ber\u00e4knad l\u00e4stid\" \/>\n\t<meta name=\"twitter:data1\" content=\"1 minut\" \/>\n<script type=\"application\/ld+json\" class=\"yoast-schema-graph\">{\"@context\":\"https:\\\/\\\/schema.org\",\"@graph\":[{\"@type\":\"WebPage\",\"@id\":\"https:\\\/\\\/norraredovisning.se\\\/intensive-course\\\/\",\"url\":\"https:\\\/\\\/norraredovisning.se\\\/intensive-course\\\/\",\"name\":\"En intensivkurs - Norra redovisningsbyr\u00e5 AB\",\"isPartOf\":{\"@id\":\"https:\\\/\\\/norraredovisning.se\\\/#website\"},\"primaryImageOfPage\":{\"@id\":\"https:\\\/\\\/norraredovisning.se\\\/intensive-course\\\/#primaryimage\"},\"image\":{\"@id\":\"https:\\\/\\\/norraredovisning.se\\\/intensive-course\\\/#primaryimage\"},\"thumbnailUrl\":\"https:\\\/\\\/norraredovisning.se\\\/wp-content\\\/uploads\\\/2025\\\/01\\\/Norra-Intensive-course.webp\",\"datePublished\":\"2025-01-05T09:44:44+00:00\",\"dateModified\":\"2025-03-29T18:15:51+00:00\",\"breadcrumb\":{\"@id\":\"https:\\\/\\\/norraredovisning.se\\\/intensive-course\\\/#breadcrumb\"},\"inLanguage\":\"sv-SE\",\"potentialAction\":[{\"@type\":\"ReadAction\",\"target\":[\"https:\\\/\\\/norraredovisning.se\\\/intensive-course\\\/\"]}]},{\"@type\":\"ImageObject\",\"inLanguage\":\"sv-SE\",\"@id\":\"https:\\\/\\\/norraredovisning.se\\\/intensive-course\\\/#primaryimage\",\"url\":\"https:\\\/\\\/norraredovisning.se\\\/wp-content\\\/uploads\\\/2025\\\/01\\\/Norra-Intensive-course.webp\",\"contentUrl\":\"https:\\\/\\\/norraredovisning.se\\\/wp-content\\\/uploads\\\/2025\\\/01\\\/Norra-Intensive-course.webp\"},{\"@type\":\"BreadcrumbList\",\"@id\":\"https:\\\/\\\/norraredovisning.se\\\/intensive-course\\\/#breadcrumb\",\"itemListElement\":[{\"@type\":\"ListItem\",\"position\":1,\"name\":\"Home\",\"item\":\"https:\\\/\\\/norraredovisning.se\\\/hem\\\/\"},{\"@type\":\"ListItem\",\"position\":2,\"name\":\"En intensivkurs\"}]},{\"@type\":\"WebSite\",\"@id\":\"https:\\\/\\\/norraredovisning.se\\\/#website\",\"url\":\"https:\\\/\\\/norraredovisning.se\\\/\",\"name\":\"Norra redovisningsbyr\u00e5 AB\",\"description\":\"\",\"potentialAction\":[{\"@type\":\"SearchAction\",\"target\":{\"@type\":\"EntryPoint\",\"urlTemplate\":\"https:\\\/\\\/norraredovisning.se\\\/?s={search_term_string}\"},\"query-input\":{\"@type\":\"PropertyValueSpecification\",\"valueRequired\":true,\"valueName\":\"search_term_string\"}}],\"inLanguage\":\"sv-SE\"}]}<\/script>\n<!-- \/ Yoast SEO plugin. -->","yoast_head_json":{"title":"En intensivkurs - Norra redovisningsbyr\u00e5 AB","robots":{"index":"index","follow":"follow","max-snippet":"max-snippet:-1","max-image-preview":"max-image-preview:large","max-video-preview":"max-video-preview:-1"},"canonical":"https:\/\/norraredovisning.se\/intensive-course\/","og_locale":"sv_SE","og_type":"article","og_title":"En intensivkurs - Norra redovisningsbyr\u00e5 AB","og_description":"En intensivkurs f\u00f6r ekonomiprogrammet \u00e4r utformad f\u00f6r att ge en djup ...","og_url":"https:\/\/norraredovisning.se\/intensive-course\/","og_site_name":"Norra redovisningsbyr\u00e5 AB","article_modified_time":"2025-03-29T18:15:51+00:00","og_image":[{"width":1198,"height":799,"url":"https:\/\/norraredovisning.se\/wp-content\/uploads\/2025\/01\/Norra-Intensive-course.webp","type":"image\/webp"}],"twitter_card":"summary_large_image","twitter_misc":{"Ber\u00e4knad l\u00e4stid":"1 minut"},"schema":{"@context":"https:\/\/schema.org","@graph":[{"@type":"WebPage","@id":"https:\/\/norraredovisning.se\/intensive-course\/","url":"https:\/\/norraredovisning.se\/intensive-course\/","name":"En intensivkurs - Norra redovisningsbyr\u00e5 AB","isPartOf":{"@id":"https:\/\/norraredovisning.se\/#website"},"primaryImageOfPage":{"@id":"https:\/\/norraredovisning.se\/intensive-course\/#primaryimage"},"image":{"@id":"https:\/\/norraredovisning.se\/intensive-course\/#primaryimage"},"thumbnailUrl":"https:\/\/norraredovisning.se\/wp-content\/uploads\/2025\/01\/Norra-Intensive-course.webp","datePublished":"2025-01-05T09:44:44+00:00","dateModified":"2025-03-29T18:15:51+00:00","breadcrumb":{"@id":"https:\/\/norraredovisning.se\/intensive-course\/#breadcrumb"},"inLanguage":"sv-SE","potentialAction":[{"@type":"ReadAction","target":["https:\/\/norraredovisning.se\/intensive-course\/"]}]},{"@type":"ImageObject","inLanguage":"sv-SE","@id":"https:\/\/norraredovisning.se\/intensive-course\/#primaryimage","url":"https:\/\/norraredovisning.se\/wp-content\/uploads\/2025\/01\/Norra-Intensive-course.webp","contentUrl":"https:\/\/norraredovisning.se\/wp-content\/uploads\/2025\/01\/Norra-Intensive-course.webp"},{"@type":"BreadcrumbList","@id":"https:\/\/norraredovisning.se\/intensive-course\/#breadcrumb","itemListElement":[{"@type":"ListItem","position":1,"name":"Home","item":"https:\/\/norraredovisning.se\/hem\/"},{"@type":"ListItem","position":2,"name":"En intensivkurs"}]},{"@type":"WebSite","@id":"https:\/\/norraredovisning.se\/#website","url":"https:\/\/norraredovisning.se\/","name":"Norra redovisningsbyr\u00e5 AB","description":"","potentialAction":[{"@type":"SearchAction","target":{"@type":"EntryPoint","urlTemplate":"https:\/\/norraredovisning.se\/?s={search_term_string}"},"query-input":{"@type":"PropertyValueSpecification","valueRequired":true,"valueName":"search_term_string"}}],"inLanguage":"sv-SE"}]}},"_links":{"self":[{"href":"https:\/\/norraredovisning.se\/sv\/wp-json\/wp\/v2\/pages\/2441","targetHints":{"allow":["GET"]}}],"collection":[{"href":"https:\/\/norraredovisning.se\/sv\/wp-json\/wp\/v2\/pages"}],"about":[{"href":"https:\/\/norraredovisning.se\/sv\/wp-json\/wp\/v2\/types\/page"}],"author":[{"embeddable":true,"href":"https:\/\/norraredovisning.se\/sv\/wp-json\/wp\/v2\/users\/1"}],"replies":[{"embeddable":true,"href":"https:\/\/norraredovisning.se\/sv\/wp-json\/wp\/v2\/comments?post=2441"}],"version-history":[{"count":3,"href":"https:\/\/norraredovisning.se\/sv\/wp-json\/wp\/v2\/pages\/2441\/revisions"}],"predecessor-version":[{"id":2468,"href":"https:\/\/norraredovisning.se\/sv\/wp-json\/wp\/v2\/pages\/2441\/revisions\/2468"}],"wp:attachment":[{"href":"https:\/\/norraredovisning.se\/sv\/wp-json\/wp\/v2\/media?parent=2441"}],"curies":[{"name":"wp","href":"https:\/\/api.w.org\/{rel}","templated":true}]}}