{"id":2440,"date":"2025-01-05T09:16:44","date_gmt":"2025-01-05T09:16:44","guid":{"rendered":"https:\/\/norraredovisning.se\/inkomst-skattedeklaration\/"},"modified":"2025-03-29T18:11:27","modified_gmt":"2025-03-29T18:11:27","slug":"inkomst-skattedeklaration","status":"publish","type":"page","link":"https:\/\/norraredovisning.se\/sv\/inkomst-skattedeklaration\/","title":{"rendered":"Inkomst\/skattedeklaration"},"content":{"rendered":"\t\t<div data-elementor-type=\"wp-page\" data-elementor-id=\"2440\" class=\"elementor elementor-2440 elementor-1978\" data-elementor-post-type=\"page\">\n\t\t\t\t<div class=\"elementor-element elementor-element-7a5001d e-flex e-con-boxed e-con e-parent\" data-id=\"7a5001d\" data-element_type=\"container\" data-e-type=\"container\">\n\t\t\t\t\t<div class=\"e-con-inner\">\n\t\t<div class=\"elementor-element elementor-element-ffaf141 e-con-full e-flex e-con e-child\" data-id=\"ffaf141\" data-element_type=\"container\" data-e-type=\"container\">\n\t\t\t\t<div class=\"elementor-element elementor-element-c32203c elementor-widget elementor-widget-cz_image\" data-id=\"c32203c\" data-element_type=\"widget\" data-e-type=\"widget\" data-widget_type=\"cz_image.default\">\n\t\t\t\t<div class=\"elementor-widget-container\">\n\t\t\t\t\t\r\n\t\t<div class=\"cz_image clr cz_image_no_fx center_on_mobile\">\r\n\r\n\t\t\t<div>\r\n\r\n\t\t\t\t<div class=\"cz_image_in\" data-tilt data-tilt-maxGlare=\"0.2\" data-tilt-glare=\"true\" data-tilt-scale=\"0.9\">\r\n\r\n\t\t\t\t\t<div class=\"cz_main_image\"><img fetchpriority=\"high\" decoding=\"async\" width=\"1200\" height=\"766\" src=\"data:image\/svg+xml,%3Csvg%20xmlns%3D&#39;http%3A%2F%2Fwww.w3.org%2F2000%2Fsvg&#39;%20width=&#39;1200&#39;%20height=&#39;766&#39;%20viewBox%3D&#39;0%200%201200%20766&#39;%2F%3E\" data-czlz data-src=\"https:\/\/norraredovisning.se\/wp-content\/uploads\/2025\/01\/Norra-Income-Tax-declaration-1.webp\" class=\"attachment-full size-full wp-image-1982\" alt=\"\" data-srcset=\"https:\/\/norraredovisning.se\/wp-content\/uploads\/2025\/01\/Norra-Income-Tax-declaration-1.webp 1200w, https:\/\/norraredovisning.se\/wp-content\/uploads\/2025\/01\/Norra-Income-Tax-declaration-1-300x192.webp 300w, https:\/\/norraredovisning.se\/wp-content\/uploads\/2025\/01\/Norra-Income-Tax-declaration-1-1024x654.webp 1024w, https:\/\/norraredovisning.se\/wp-content\/uploads\/2025\/01\/Norra-Income-Tax-declaration-1-768x490.webp 768w, https:\/\/norraredovisning.se\/wp-content\/uploads\/2025\/01\/Norra-Income-Tax-declaration-1-600x383.webp 600w, https:\/\/norraredovisning.se\/wp-content\/uploads\/2025\/01\/Norra-Income-Tax-declaration-1-1000x638.webp 1000w\" data-sizes=\"(max-width: 1200px) 100vw, 1200px\" \/><\/div>\r\n\r\n\t\t\t\t\t<div class=\"cz_hover_image\"><img fetchpriority=\"high\" decoding=\"async\" width=\"1200\" height=\"766\" src=\"data:image\/svg+xml,%3Csvg%20xmlns%3D&#39;http%3A%2F%2Fwww.w3.org%2F2000%2Fsvg&#39;%20width=&#39;1200&#39;%20height=&#39;766&#39;%20viewBox%3D&#39;0%200%201200%20766&#39;%2F%3E\" data-czlz data-src=\"https:\/\/norraredovisning.se\/wp-content\/uploads\/2025\/01\/Norra-Income-Tax-declaration-1.webp\" class=\"attachment-full size-full wp-image-1982\" alt=\"\" data-srcset=\"https:\/\/norraredovisning.se\/wp-content\/uploads\/2025\/01\/Norra-Income-Tax-declaration-1.webp 1200w, https:\/\/norraredovisning.se\/wp-content\/uploads\/2025\/01\/Norra-Income-Tax-declaration-1-300x192.webp 300w, https:\/\/norraredovisning.se\/wp-content\/uploads\/2025\/01\/Norra-Income-Tax-declaration-1-1024x654.webp 1024w, https:\/\/norraredovisning.se\/wp-content\/uploads\/2025\/01\/Norra-Income-Tax-declaration-1-768x490.webp 768w, https:\/\/norraredovisning.se\/wp-content\/uploads\/2025\/01\/Norra-Income-Tax-declaration-1-600x383.webp 600w, https:\/\/norraredovisning.se\/wp-content\/uploads\/2025\/01\/Norra-Income-Tax-declaration-1-1000x638.webp 1000w\" data-sizes=\"(max-width: 1200px) 100vw, 1200px\" \/><\/div>\r\n\t\t\t\t<\/div>\r\n\r\n\t\t\t\t\r\n\t\t\t<\/div>\r\n\r\n\t\t<\/div>\r\n\r\n\t\t\t\t\t\t<\/div>\n\t\t\t\t<\/div>\n\t\t\t\t<\/div>\n\t\t<div class=\"elementor-element elementor-element-943c48b e-con-full e-flex e-con e-child\" data-id=\"943c48b\" data-element_type=\"container\" data-e-type=\"container\">\n\t\t\t\t<div class=\"elementor-element elementor-element-3a7068a elementor-widget elementor-widget-text-editor\" data-id=\"3a7068a\" data-element_type=\"widget\" data-e-type=\"widget\" data-widget_type=\"text-editor.default\">\n\t\t\t\t<div class=\"elementor-widget-container\">\n\t\t\t\t\t\t\t\t\t<p style=\"text-align: justify;\"><strong>Inkomst\/skattedeklaration<\/strong> \u00e4r ett grundl\u00e4ggande krav f\u00f6r b\u00e5de privatpersoner och f\u00f6retag att rapportera sina inkomster och s\u00e4kerst\u00e4lla efterlevnad av skatteregler. Det \u00e4r viktigt att l\u00e4mna in en korrekt inkomst-\/skattedeklaration f\u00f6r att undvika p\u00e5f\u00f6ljder och f\u00f6r att fastst\u00e4lla det korrekta beloppet f\u00f6r skyldig skatt eller \u00e5terbetalning. Korrekt uppr\u00e4ttande av en inkomst-\/skattedeklaration ger ocks\u00e5 transparens och bidrar till att uppr\u00e4tth\u00e5lla ekonomiskt ansvar gentemot skattemyndigheterna.<\/p>\t\t\t\t\t\t\t\t<\/div>\n\t\t\t\t<\/div>\n\t\t\t\t<\/div>\n\t\t\t\t\t<\/div>\n\t\t\t\t<\/div>\n\t\t\t\t<\/div>\n\t\t","protected":false},"excerpt":{"rendered":"<p>Inkomst\/skattedeklaration \u00e4r ett grundl\u00e4ggande krav f\u00f6r b\u00e5de privatpersoner och f\u00f6retag att &#8230; <\/p>\n","protected":false},"author":1,"featured_media":0,"parent":0,"menu_order":0,"comment_status":"closed","ping_status":"closed","template":"","meta":{"nf_dc_page":"","_monsterinsights_skip_tracking":false,"_monsterinsights_sitenote_active":false,"_monsterinsights_sitenote_note":"","_monsterinsights_sitenote_category":0,"footnotes":""},"class_list":["post-2440","page","type-page","status-publish","hentry"],"yoast_head":"<!-- This site is optimized with the Yoast SEO plugin v27.4 - https:\/\/yoast.com\/product\/yoast-seo-wordpress\/ -->\n<title>Inkomst\/skattedeklaration - Norra redovisningsbyr\u00e5 AB<\/title>\n<meta name=\"robots\" content=\"index, follow, max-snippet:-1, max-image-preview:large, max-video-preview:-1\" \/>\n<link rel=\"canonical\" href=\"https:\/\/norraredovisning.se\/income-tax-declaration\/\" \/>\n<meta property=\"og:locale\" content=\"sv_SE\" \/>\n<meta property=\"og:type\" content=\"article\" \/>\n<meta property=\"og:title\" content=\"Inkomst\/skattedeklaration - Norra redovisningsbyr\u00e5 AB\" \/>\n<meta property=\"og:description\" content=\"Inkomst\/skattedeklaration \u00e4r ett grundl\u00e4ggande krav f\u00f6r b\u00e5de privatpersoner och f\u00f6retag att ...\" \/>\n<meta property=\"og:url\" content=\"https:\/\/norraredovisning.se\/income-tax-declaration\/\" \/>\n<meta property=\"og:site_name\" content=\"Norra redovisningsbyr\u00e5 AB\" \/>\n<meta property=\"article:modified_time\" content=\"2025-03-29T18:11:27+00:00\" \/>\n<meta property=\"og:image\" content=\"https:\/\/norraredovisning.se\/wp-content\/uploads\/2025\/01\/Norra-Income-Tax-declaration-1.webp\" \/>\n\t<meta property=\"og:image:width\" content=\"1200\" \/>\n\t<meta property=\"og:image:height\" content=\"766\" \/>\n\t<meta property=\"og:image:type\" content=\"image\/webp\" \/>\n<meta name=\"twitter:card\" content=\"summary_large_image\" \/>\n<meta name=\"twitter:label1\" content=\"Ber\u00e4knad l\u00e4stid\" \/>\n\t<meta name=\"twitter:data1\" content=\"1 minut\" \/>\n<script type=\"application\/ld+json\" class=\"yoast-schema-graph\">{\"@context\":\"https:\\\/\\\/schema.org\",\"@graph\":[{\"@type\":\"WebPage\",\"@id\":\"https:\\\/\\\/norraredovisning.se\\\/income-tax-declaration\\\/\",\"url\":\"https:\\\/\\\/norraredovisning.se\\\/income-tax-declaration\\\/\",\"name\":\"Inkomst\\\/skattedeklaration - Norra redovisningsbyr\u00e5 AB\",\"isPartOf\":{\"@id\":\"https:\\\/\\\/norraredovisning.se\\\/#website\"},\"primaryImageOfPage\":{\"@id\":\"https:\\\/\\\/norraredovisning.se\\\/income-tax-declaration\\\/#primaryimage\"},\"image\":{\"@id\":\"https:\\\/\\\/norraredovisning.se\\\/income-tax-declaration\\\/#primaryimage\"},\"thumbnailUrl\":\"https:\\\/\\\/norraredovisning.se\\\/wp-content\\\/uploads\\\/2025\\\/01\\\/Norra-Income-Tax-declaration-1.webp\",\"datePublished\":\"2025-01-05T09:16:44+00:00\",\"dateModified\":\"2025-03-29T18:11:27+00:00\",\"breadcrumb\":{\"@id\":\"https:\\\/\\\/norraredovisning.se\\\/income-tax-declaration\\\/#breadcrumb\"},\"inLanguage\":\"sv-SE\",\"potentialAction\":[{\"@type\":\"ReadAction\",\"target\":[\"https:\\\/\\\/norraredovisning.se\\\/income-tax-declaration\\\/\"]}]},{\"@type\":\"ImageObject\",\"inLanguage\":\"sv-SE\",\"@id\":\"https:\\\/\\\/norraredovisning.se\\\/income-tax-declaration\\\/#primaryimage\",\"url\":\"https:\\\/\\\/norraredovisning.se\\\/wp-content\\\/uploads\\\/2025\\\/01\\\/Norra-Income-Tax-declaration-1.webp\",\"contentUrl\":\"https:\\\/\\\/norraredovisning.se\\\/wp-content\\\/uploads\\\/2025\\\/01\\\/Norra-Income-Tax-declaration-1.webp\"},{\"@type\":\"BreadcrumbList\",\"@id\":\"https:\\\/\\\/norraredovisning.se\\\/income-tax-declaration\\\/#breadcrumb\",\"itemListElement\":[{\"@type\":\"ListItem\",\"position\":1,\"name\":\"Home\",\"item\":\"https:\\\/\\\/norraredovisning.se\\\/hem\\\/\"},{\"@type\":\"ListItem\",\"position\":2,\"name\":\"Inkomst\\\/skattedeklaration\"}]},{\"@type\":\"WebSite\",\"@id\":\"https:\\\/\\\/norraredovisning.se\\\/#website\",\"url\":\"https:\\\/\\\/norraredovisning.se\\\/\",\"name\":\"Norra redovisningsbyr\u00e5 AB\",\"description\":\"\",\"potentialAction\":[{\"@type\":\"SearchAction\",\"target\":{\"@type\":\"EntryPoint\",\"urlTemplate\":\"https:\\\/\\\/norraredovisning.se\\\/?s={search_term_string}\"},\"query-input\":{\"@type\":\"PropertyValueSpecification\",\"valueRequired\":true,\"valueName\":\"search_term_string\"}}],\"inLanguage\":\"sv-SE\"}]}<\/script>\n<!-- \/ Yoast SEO plugin. -->","yoast_head_json":{"title":"Inkomst\/skattedeklaration - Norra redovisningsbyr\u00e5 AB","robots":{"index":"index","follow":"follow","max-snippet":"max-snippet:-1","max-image-preview":"max-image-preview:large","max-video-preview":"max-video-preview:-1"},"canonical":"https:\/\/norraredovisning.se\/income-tax-declaration\/","og_locale":"sv_SE","og_type":"article","og_title":"Inkomst\/skattedeklaration - Norra redovisningsbyr\u00e5 AB","og_description":"Inkomst\/skattedeklaration \u00e4r ett grundl\u00e4ggande krav f\u00f6r b\u00e5de privatpersoner och f\u00f6retag att ...","og_url":"https:\/\/norraredovisning.se\/income-tax-declaration\/","og_site_name":"Norra redovisningsbyr\u00e5 AB","article_modified_time":"2025-03-29T18:11:27+00:00","og_image":[{"width":1200,"height":766,"url":"https:\/\/norraredovisning.se\/wp-content\/uploads\/2025\/01\/Norra-Income-Tax-declaration-1.webp","type":"image\/webp"}],"twitter_card":"summary_large_image","twitter_misc":{"Ber\u00e4knad l\u00e4stid":"1 minut"},"schema":{"@context":"https:\/\/schema.org","@graph":[{"@type":"WebPage","@id":"https:\/\/norraredovisning.se\/income-tax-declaration\/","url":"https:\/\/norraredovisning.se\/income-tax-declaration\/","name":"Inkomst\/skattedeklaration - Norra redovisningsbyr\u00e5 AB","isPartOf":{"@id":"https:\/\/norraredovisning.se\/#website"},"primaryImageOfPage":{"@id":"https:\/\/norraredovisning.se\/income-tax-declaration\/#primaryimage"},"image":{"@id":"https:\/\/norraredovisning.se\/income-tax-declaration\/#primaryimage"},"thumbnailUrl":"https:\/\/norraredovisning.se\/wp-content\/uploads\/2025\/01\/Norra-Income-Tax-declaration-1.webp","datePublished":"2025-01-05T09:16:44+00:00","dateModified":"2025-03-29T18:11:27+00:00","breadcrumb":{"@id":"https:\/\/norraredovisning.se\/income-tax-declaration\/#breadcrumb"},"inLanguage":"sv-SE","potentialAction":[{"@type":"ReadAction","target":["https:\/\/norraredovisning.se\/income-tax-declaration\/"]}]},{"@type":"ImageObject","inLanguage":"sv-SE","@id":"https:\/\/norraredovisning.se\/income-tax-declaration\/#primaryimage","url":"https:\/\/norraredovisning.se\/wp-content\/uploads\/2025\/01\/Norra-Income-Tax-declaration-1.webp","contentUrl":"https:\/\/norraredovisning.se\/wp-content\/uploads\/2025\/01\/Norra-Income-Tax-declaration-1.webp"},{"@type":"BreadcrumbList","@id":"https:\/\/norraredovisning.se\/income-tax-declaration\/#breadcrumb","itemListElement":[{"@type":"ListItem","position":1,"name":"Home","item":"https:\/\/norraredovisning.se\/hem\/"},{"@type":"ListItem","position":2,"name":"Inkomst\/skattedeklaration"}]},{"@type":"WebSite","@id":"https:\/\/norraredovisning.se\/#website","url":"https:\/\/norraredovisning.se\/","name":"Norra redovisningsbyr\u00e5 AB","description":"","potentialAction":[{"@type":"SearchAction","target":{"@type":"EntryPoint","urlTemplate":"https:\/\/norraredovisning.se\/?s={search_term_string}"},"query-input":{"@type":"PropertyValueSpecification","valueRequired":true,"valueName":"search_term_string"}}],"inLanguage":"sv-SE"}]}},"_links":{"self":[{"href":"https:\/\/norraredovisning.se\/sv\/wp-json\/wp\/v2\/pages\/2440","targetHints":{"allow":["GET"]}}],"collection":[{"href":"https:\/\/norraredovisning.se\/sv\/wp-json\/wp\/v2\/pages"}],"about":[{"href":"https:\/\/norraredovisning.se\/sv\/wp-json\/wp\/v2\/types\/page"}],"author":[{"embeddable":true,"href":"https:\/\/norraredovisning.se\/sv\/wp-json\/wp\/v2\/users\/1"}],"replies":[{"embeddable":true,"href":"https:\/\/norraredovisning.se\/sv\/wp-json\/wp\/v2\/comments?post=2440"}],"version-history":[{"count":3,"href":"https:\/\/norraredovisning.se\/sv\/wp-json\/wp\/v2\/pages\/2440\/revisions"}],"predecessor-version":[{"id":2453,"href":"https:\/\/norraredovisning.se\/sv\/wp-json\/wp\/v2\/pages\/2440\/revisions\/2453"}],"wp:attachment":[{"href":"https:\/\/norraredovisning.se\/sv\/wp-json\/wp\/v2\/media?parent=2440"}],"curies":[{"name":"wp","href":"https:\/\/api.w.org\/{rel}","templated":true}]}}