{"id":2439,"date":"2025-01-05T09:20:45","date_gmt":"2025-01-05T09:20:45","guid":{"rendered":"https:\/\/norraredovisning.se\/ett-bokslut-arsrapport\/"},"modified":"2025-03-29T18:12:17","modified_gmt":"2025-03-29T18:12:17","slug":"ett-bokslut-arsrapport","status":"publish","type":"page","link":"https:\/\/norraredovisning.se\/sv\/ett-bokslut-arsrapport\/","title":{"rendered":"Ett bokslut\/\u00e5rsrapport"},"content":{"rendered":"\t\t<div data-elementor-type=\"wp-page\" data-elementor-id=\"2439\" class=\"elementor elementor-2439 elementor-1986\" data-elementor-post-type=\"page\">\n\t\t\t\t<div class=\"elementor-element elementor-element-7a5001d e-flex e-con-boxed e-con e-parent\" data-id=\"7a5001d\" data-element_type=\"container\" data-e-type=\"container\">\n\t\t\t\t\t<div class=\"e-con-inner\">\n\t\t<div class=\"elementor-element elementor-element-ffaf141 e-con-full e-flex e-con e-child\" data-id=\"ffaf141\" data-element_type=\"container\" data-e-type=\"container\">\n\t\t\t\t<div class=\"elementor-element elementor-element-c32203c elementor-widget elementor-widget-cz_image\" data-id=\"c32203c\" data-element_type=\"widget\" data-e-type=\"widget\" data-widget_type=\"cz_image.default\">\n\t\t\t\t<div class=\"elementor-widget-container\">\n\t\t\t\t\t\r\n\t\t<div class=\"cz_image clr cz_image_no_fx center_on_mobile\">\r\n\r\n\t\t\t<div>\r\n\r\n\t\t\t\t<div class=\"cz_image_in\" data-tilt data-tilt-maxGlare=\"0.2\" data-tilt-glare=\"true\" data-tilt-scale=\"0.9\">\r\n\r\n\t\t\t\t\t<div class=\"cz_main_image\"><img fetchpriority=\"high\" decoding=\"async\" width=\"600\" height=\"400\" src=\"data:image\/svg+xml,%3Csvg%20xmlns%3D&#39;http%3A%2F%2Fwww.w3.org%2F2000%2Fsvg&#39;%20width=&#39;600&#39;%20height=&#39;400&#39;%20viewBox%3D&#39;0%200%20600%20400&#39;%2F%3E\" data-czlz data-src=\"https:\/\/norraredovisning.se\/wp-content\/uploads\/2025\/01\/norra-financial-statement-annual-report.webp\" class=\"attachment-full size-full wp-image-1989\" alt=\"\" data-srcset=\"https:\/\/norraredovisning.se\/wp-content\/uploads\/2025\/01\/norra-financial-statement-annual-report.webp 600w, https:\/\/norraredovisning.se\/wp-content\/uploads\/2025\/01\/norra-financial-statement-annual-report-300x200.webp 300w\" data-sizes=\"(max-width: 600px) 100vw, 600px\" \/><\/div>\r\n\r\n\t\t\t\t\t<div class=\"cz_hover_image\"><img fetchpriority=\"high\" decoding=\"async\" width=\"600\" height=\"400\" src=\"data:image\/svg+xml,%3Csvg%20xmlns%3D&#39;http%3A%2F%2Fwww.w3.org%2F2000%2Fsvg&#39;%20width=&#39;600&#39;%20height=&#39;400&#39;%20viewBox%3D&#39;0%200%20600%20400&#39;%2F%3E\" data-czlz data-src=\"https:\/\/norraredovisning.se\/wp-content\/uploads\/2025\/01\/norra-financial-statement-annual-report.webp\" class=\"attachment-full size-full wp-image-1989\" alt=\"\" data-srcset=\"https:\/\/norraredovisning.se\/wp-content\/uploads\/2025\/01\/norra-financial-statement-annual-report.webp 600w, https:\/\/norraredovisning.se\/wp-content\/uploads\/2025\/01\/norra-financial-statement-annual-report-300x200.webp 300w\" data-sizes=\"(max-width: 600px) 100vw, 600px\" \/><\/div>\r\n\t\t\t\t<\/div>\r\n\r\n\t\t\t\t\r\n\t\t\t<\/div>\r\n\r\n\t\t<\/div>\r\n\r\n\t\t\t\t\t\t<\/div>\n\t\t\t\t<\/div>\n\t\t\t\t<\/div>\n\t\t<div class=\"elementor-element elementor-element-943c48b e-con-full e-flex e-con e-child\" data-id=\"943c48b\" data-element_type=\"container\" data-e-type=\"container\">\n\t\t\t\t<div class=\"elementor-element elementor-element-3a7068a elementor-widget elementor-widget-text-editor\" data-id=\"3a7068a\" data-element_type=\"widget\" data-e-type=\"widget\" data-widget_type=\"text-editor.default\">\n\t\t\t\t<div class=\"elementor-widget-container\">\n\t\t\t\t\t\t\t\t\t<p style=\"text-align: justify;\"><strong>Ett bokslut\/\u00e5rsrapport <\/strong>\u00e4r ett kritiskt dokument som ger en detaljerad sammanfattning av ett f\u00f6retags finansiella aktiviteter och resultat under ett r\u00e4kenskaps\u00e5r. Den inneh\u00e5ller viktiga komponenter som resultatr\u00e4kning, balansr\u00e4kning och kassafl\u00f6desanalys, vilket ger intressenter en tydlig bild av f\u00f6retagets ekonomiska h\u00e4lsa. Bokslutet\/\u00e5rsrapporten anv\u00e4nds av investerare, fordrings\u00e4gare och ledning f\u00f6r att fatta v\u00e4lgrundade beslut och utv\u00e4rdera f\u00f6retagets framsteg. Genom att presentera korrekta och transparenta data bygger en v\u00e4l f\u00f6rberedd bokslut\/\u00e5rsrapport f\u00f6rtroende och st\u00f6djer l\u00e5ngsiktig planering.<\/p>\t\t\t\t\t\t\t\t<\/div>\n\t\t\t\t<\/div>\n\t\t\t\t<\/div>\n\t\t\t\t\t<\/div>\n\t\t\t\t<\/div>\n\t\t\t\t<\/div>\n\t\t","protected":false},"excerpt":{"rendered":"<p>Ett bokslut\/\u00e5rsrapport \u00e4r ett kritiskt dokument som ger en detaljerad sammanfattning &#8230; <\/p>\n","protected":false},"author":1,"featured_media":0,"parent":0,"menu_order":0,"comment_status":"closed","ping_status":"closed","template":"","meta":{"nf_dc_page":"","_monsterinsights_skip_tracking":false,"_monsterinsights_sitenote_active":false,"_monsterinsights_sitenote_note":"","_monsterinsights_sitenote_category":0,"footnotes":""},"class_list":["post-2439","page","type-page","status-publish","hentry"],"yoast_head":"<!-- This site is optimized with the Yoast SEO plugin v27.4 - https:\/\/yoast.com\/product\/yoast-seo-wordpress\/ -->\n<title>Ett bokslut\/\u00e5rsrapport - Norra redovisningsbyr\u00e5 AB<\/title>\n<meta name=\"robots\" content=\"index, follow, max-snippet:-1, max-image-preview:large, max-video-preview:-1\" \/>\n<link rel=\"canonical\" href=\"https:\/\/norraredovisning.se\/financial-statement-annual-report\/\" \/>\n<meta property=\"og:locale\" content=\"sv_SE\" \/>\n<meta property=\"og:type\" content=\"article\" \/>\n<meta property=\"og:title\" content=\"Ett bokslut\/\u00e5rsrapport - Norra redovisningsbyr\u00e5 AB\" \/>\n<meta property=\"og:description\" content=\"Ett bokslut\/\u00e5rsrapport \u00e4r ett kritiskt dokument som ger en detaljerad sammanfattning ...\" \/>\n<meta property=\"og:url\" content=\"https:\/\/norraredovisning.se\/financial-statement-annual-report\/\" \/>\n<meta property=\"og:site_name\" content=\"Norra redovisningsbyr\u00e5 AB\" \/>\n<meta property=\"article:modified_time\" content=\"2025-03-29T18:12:17+00:00\" \/>\n<meta property=\"og:image\" content=\"https:\/\/norraredovisning.se\/wp-content\/uploads\/2025\/01\/norra-financial-statement-annual-report.webp\" \/>\n\t<meta property=\"og:image:width\" content=\"600\" \/>\n\t<meta property=\"og:image:height\" content=\"400\" \/>\n\t<meta property=\"og:image:type\" content=\"image\/webp\" \/>\n<meta name=\"twitter:card\" content=\"summary_large_image\" \/>\n<meta name=\"twitter:label1\" content=\"Ber\u00e4knad l\u00e4stid\" \/>\n\t<meta name=\"twitter:data1\" content=\"1 minut\" \/>\n<script type=\"application\/ld+json\" class=\"yoast-schema-graph\">{\"@context\":\"https:\\\/\\\/schema.org\",\"@graph\":[{\"@type\":\"WebPage\",\"@id\":\"https:\\\/\\\/norraredovisning.se\\\/financial-statement-annual-report\\\/\",\"url\":\"https:\\\/\\\/norraredovisning.se\\\/financial-statement-annual-report\\\/\",\"name\":\"Ett bokslut\\\/\u00e5rsrapport - Norra redovisningsbyr\u00e5 AB\",\"isPartOf\":{\"@id\":\"https:\\\/\\\/norraredovisning.se\\\/#website\"},\"primaryImageOfPage\":{\"@id\":\"https:\\\/\\\/norraredovisning.se\\\/financial-statement-annual-report\\\/#primaryimage\"},\"image\":{\"@id\":\"https:\\\/\\\/norraredovisning.se\\\/financial-statement-annual-report\\\/#primaryimage\"},\"thumbnailUrl\":\"https:\\\/\\\/norraredovisning.se\\\/wp-content\\\/uploads\\\/2025\\\/01\\\/norra-financial-statement-annual-report.webp\",\"datePublished\":\"2025-01-05T09:20:45+00:00\",\"dateModified\":\"2025-03-29T18:12:17+00:00\",\"breadcrumb\":{\"@id\":\"https:\\\/\\\/norraredovisning.se\\\/financial-statement-annual-report\\\/#breadcrumb\"},\"inLanguage\":\"sv-SE\",\"potentialAction\":[{\"@type\":\"ReadAction\",\"target\":[\"https:\\\/\\\/norraredovisning.se\\\/financial-statement-annual-report\\\/\"]}]},{\"@type\":\"ImageObject\",\"inLanguage\":\"sv-SE\",\"@id\":\"https:\\\/\\\/norraredovisning.se\\\/financial-statement-annual-report\\\/#primaryimage\",\"url\":\"https:\\\/\\\/norraredovisning.se\\\/wp-content\\\/uploads\\\/2025\\\/01\\\/norra-financial-statement-annual-report.webp\",\"contentUrl\":\"https:\\\/\\\/norraredovisning.se\\\/wp-content\\\/uploads\\\/2025\\\/01\\\/norra-financial-statement-annual-report.webp\"},{\"@type\":\"BreadcrumbList\",\"@id\":\"https:\\\/\\\/norraredovisning.se\\\/financial-statement-annual-report\\\/#breadcrumb\",\"itemListElement\":[{\"@type\":\"ListItem\",\"position\":1,\"name\":\"Home\",\"item\":\"https:\\\/\\\/norraredovisning.se\\\/hem\\\/\"},{\"@type\":\"ListItem\",\"position\":2,\"name\":\"Ett bokslut\\\/\u00e5rsrapport\"}]},{\"@type\":\"WebSite\",\"@id\":\"https:\\\/\\\/norraredovisning.se\\\/#website\",\"url\":\"https:\\\/\\\/norraredovisning.se\\\/\",\"name\":\"Norra redovisningsbyr\u00e5 AB\",\"description\":\"\",\"potentialAction\":[{\"@type\":\"SearchAction\",\"target\":{\"@type\":\"EntryPoint\",\"urlTemplate\":\"https:\\\/\\\/norraredovisning.se\\\/?s={search_term_string}\"},\"query-input\":{\"@type\":\"PropertyValueSpecification\",\"valueRequired\":true,\"valueName\":\"search_term_string\"}}],\"inLanguage\":\"sv-SE\"}]}<\/script>\n<!-- \/ Yoast SEO plugin. -->","yoast_head_json":{"title":"Ett bokslut\/\u00e5rsrapport - Norra redovisningsbyr\u00e5 AB","robots":{"index":"index","follow":"follow","max-snippet":"max-snippet:-1","max-image-preview":"max-image-preview:large","max-video-preview":"max-video-preview:-1"},"canonical":"https:\/\/norraredovisning.se\/financial-statement-annual-report\/","og_locale":"sv_SE","og_type":"article","og_title":"Ett bokslut\/\u00e5rsrapport - Norra redovisningsbyr\u00e5 AB","og_description":"Ett bokslut\/\u00e5rsrapport \u00e4r ett kritiskt dokument som ger en detaljerad sammanfattning ...","og_url":"https:\/\/norraredovisning.se\/financial-statement-annual-report\/","og_site_name":"Norra redovisningsbyr\u00e5 AB","article_modified_time":"2025-03-29T18:12:17+00:00","og_image":[{"width":600,"height":400,"url":"https:\/\/norraredovisning.se\/wp-content\/uploads\/2025\/01\/norra-financial-statement-annual-report.webp","type":"image\/webp"}],"twitter_card":"summary_large_image","twitter_misc":{"Ber\u00e4knad l\u00e4stid":"1 minut"},"schema":{"@context":"https:\/\/schema.org","@graph":[{"@type":"WebPage","@id":"https:\/\/norraredovisning.se\/financial-statement-annual-report\/","url":"https:\/\/norraredovisning.se\/financial-statement-annual-report\/","name":"Ett bokslut\/\u00e5rsrapport - Norra redovisningsbyr\u00e5 AB","isPartOf":{"@id":"https:\/\/norraredovisning.se\/#website"},"primaryImageOfPage":{"@id":"https:\/\/norraredovisning.se\/financial-statement-annual-report\/#primaryimage"},"image":{"@id":"https:\/\/norraredovisning.se\/financial-statement-annual-report\/#primaryimage"},"thumbnailUrl":"https:\/\/norraredovisning.se\/wp-content\/uploads\/2025\/01\/norra-financial-statement-annual-report.webp","datePublished":"2025-01-05T09:20:45+00:00","dateModified":"2025-03-29T18:12:17+00:00","breadcrumb":{"@id":"https:\/\/norraredovisning.se\/financial-statement-annual-report\/#breadcrumb"},"inLanguage":"sv-SE","potentialAction":[{"@type":"ReadAction","target":["https:\/\/norraredovisning.se\/financial-statement-annual-report\/"]}]},{"@type":"ImageObject","inLanguage":"sv-SE","@id":"https:\/\/norraredovisning.se\/financial-statement-annual-report\/#primaryimage","url":"https:\/\/norraredovisning.se\/wp-content\/uploads\/2025\/01\/norra-financial-statement-annual-report.webp","contentUrl":"https:\/\/norraredovisning.se\/wp-content\/uploads\/2025\/01\/norra-financial-statement-annual-report.webp"},{"@type":"BreadcrumbList","@id":"https:\/\/norraredovisning.se\/financial-statement-annual-report\/#breadcrumb","itemListElement":[{"@type":"ListItem","position":1,"name":"Home","item":"https:\/\/norraredovisning.se\/hem\/"},{"@type":"ListItem","position":2,"name":"Ett bokslut\/\u00e5rsrapport"}]},{"@type":"WebSite","@id":"https:\/\/norraredovisning.se\/#website","url":"https:\/\/norraredovisning.se\/","name":"Norra redovisningsbyr\u00e5 AB","description":"","potentialAction":[{"@type":"SearchAction","target":{"@type":"EntryPoint","urlTemplate":"https:\/\/norraredovisning.se\/?s={search_term_string}"},"query-input":{"@type":"PropertyValueSpecification","valueRequired":true,"valueName":"search_term_string"}}],"inLanguage":"sv-SE"}]}},"_links":{"self":[{"href":"https:\/\/norraredovisning.se\/sv\/wp-json\/wp\/v2\/pages\/2439","targetHints":{"allow":["GET"]}}],"collection":[{"href":"https:\/\/norraredovisning.se\/sv\/wp-json\/wp\/v2\/pages"}],"about":[{"href":"https:\/\/norraredovisning.se\/sv\/wp-json\/wp\/v2\/types\/page"}],"author":[{"embeddable":true,"href":"https:\/\/norraredovisning.se\/sv\/wp-json\/wp\/v2\/users\/1"}],"replies":[{"embeddable":true,"href":"https:\/\/norraredovisning.se\/sv\/wp-json\/wp\/v2\/comments?post=2439"}],"version-history":[{"count":3,"href":"https:\/\/norraredovisning.se\/sv\/wp-json\/wp\/v2\/pages\/2439\/revisions"}],"predecessor-version":[{"id":2456,"href":"https:\/\/norraredovisning.se\/sv\/wp-json\/wp\/v2\/pages\/2439\/revisions\/2456"}],"wp:attachment":[{"href":"https:\/\/norraredovisning.se\/sv\/wp-json\/wp\/v2\/media?parent=2439"}],"curies":[{"name":"wp","href":"https:\/\/api.w.org\/{rel}","templated":true}]}}