{"id":2438,"date":"2025-01-05T09:42:39","date_gmt":"2025-01-05T09:42:39","guid":{"rendered":"https:\/\/norraredovisning.se\/finansiell-radgivning\/"},"modified":"2025-03-29T18:14:56","modified_gmt":"2025-03-29T18:14:56","slug":"finansiell-radgivning","status":"publish","type":"page","link":"https:\/\/norraredovisning.se\/sv\/finansiell-radgivning\/","title":{"rendered":"Finansiell r\u00e5dgivning"},"content":{"rendered":"\t\t<div data-elementor-type=\"wp-page\" data-elementor-id=\"2438\" class=\"elementor elementor-2438 elementor-2015\" data-elementor-post-type=\"page\">\n\t\t\t\t<div class=\"elementor-element elementor-element-7a5001d e-flex e-con-boxed e-con e-parent\" data-id=\"7a5001d\" data-element_type=\"container\" data-e-type=\"container\">\n\t\t\t\t\t<div class=\"e-con-inner\">\n\t\t<div class=\"elementor-element elementor-element-ffaf141 e-con-full e-flex e-con e-child\" data-id=\"ffaf141\" data-element_type=\"container\" data-e-type=\"container\">\n\t\t\t\t<div class=\"elementor-element elementor-element-c32203c elementor-widget elementor-widget-cz_image\" data-id=\"c32203c\" data-element_type=\"widget\" data-e-type=\"widget\" data-widget_type=\"cz_image.default\">\n\t\t\t\t<div class=\"elementor-widget-container\">\n\t\t\t\t\t\r\n\t\t<div class=\"cz_image clr cz_image_no_fx center_on_mobile\">\r\n\r\n\t\t\t<div>\r\n\r\n\t\t\t\t<div class=\"cz_image_in\" data-tilt data-tilt-maxGlare=\"0.2\" data-tilt-glare=\"true\" data-tilt-scale=\"0.9\">\r\n\r\n\t\t\t\t\t<div class=\"cz_main_image\"><img fetchpriority=\"high\" decoding=\"async\" width=\"800\" height=\"533\" src=\"data:image\/svg+xml,%3Csvg%20xmlns%3D&#39;http%3A%2F%2Fwww.w3.org%2F2000%2Fsvg&#39;%20width=&#39;800&#39;%20height=&#39;533&#39;%20viewBox%3D&#39;0%200%20800%20533&#39;%2F%3E\" data-czlz data-src=\"https:\/\/norraredovisning.se\/wp-content\/uploads\/2025\/01\/Norra-Financial-advice-private-and-companies-copy.webp\" class=\"attachment-full size-full wp-image-2017\" alt=\"\" data-srcset=\"https:\/\/norraredovisning.se\/wp-content\/uploads\/2025\/01\/Norra-Financial-advice-private-and-companies-copy.webp 800w, https:\/\/norraredovisning.se\/wp-content\/uploads\/2025\/01\/Norra-Financial-advice-private-and-companies-copy-300x200.webp 300w, https:\/\/norraredovisning.se\/wp-content\/uploads\/2025\/01\/Norra-Financial-advice-private-and-companies-copy-768x512.webp 768w, https:\/\/norraredovisning.se\/wp-content\/uploads\/2025\/01\/Norra-Financial-advice-private-and-companies-copy-600x400.webp 600w\" data-sizes=\"(max-width: 800px) 100vw, 800px\" \/><\/div>\r\n\r\n\t\t\t\t\t<div class=\"cz_hover_image\"><img fetchpriority=\"high\" decoding=\"async\" width=\"800\" height=\"533\" src=\"data:image\/svg+xml,%3Csvg%20xmlns%3D&#39;http%3A%2F%2Fwww.w3.org%2F2000%2Fsvg&#39;%20width=&#39;800&#39;%20height=&#39;533&#39;%20viewBox%3D&#39;0%200%20800%20533&#39;%2F%3E\" data-czlz data-src=\"https:\/\/norraredovisning.se\/wp-content\/uploads\/2025\/01\/Norra-Financial-advice-private-and-companies-copy.webp\" class=\"attachment-full size-full wp-image-2017\" alt=\"\" data-srcset=\"https:\/\/norraredovisning.se\/wp-content\/uploads\/2025\/01\/Norra-Financial-advice-private-and-companies-copy.webp 800w, https:\/\/norraredovisning.se\/wp-content\/uploads\/2025\/01\/Norra-Financial-advice-private-and-companies-copy-300x200.webp 300w, https:\/\/norraredovisning.se\/wp-content\/uploads\/2025\/01\/Norra-Financial-advice-private-and-companies-copy-768x512.webp 768w, https:\/\/norraredovisning.se\/wp-content\/uploads\/2025\/01\/Norra-Financial-advice-private-and-companies-copy-600x400.webp 600w\" data-sizes=\"(max-width: 800px) 100vw, 800px\" \/><\/div>\r\n\t\t\t\t<\/div>\r\n\r\n\t\t\t\t\r\n\t\t\t<\/div>\r\n\r\n\t\t<\/div>\r\n\r\n\t\t\t\t\t\t<\/div>\n\t\t\t\t<\/div>\n\t\t\t\t<\/div>\n\t\t<div class=\"elementor-element elementor-element-943c48b e-con-full e-flex e-con e-child\" data-id=\"943c48b\" data-element_type=\"container\" data-e-type=\"container\">\n\t\t\t\t<div class=\"elementor-element elementor-element-3a7068a elementor-widget elementor-widget-text-editor\" data-id=\"3a7068a\" data-element_type=\"widget\" data-e-type=\"widget\" data-widget_type=\"text-editor.default\">\n\t\t\t\t<div class=\"elementor-widget-container\">\n\t\t\t\t\t\t\t\t\t<p style=\"text-align: justify;\"><strong>Finansiell r\u00e5dgivning <\/strong>privata f\u00f6retag spelar en viktig roll f\u00f6r att hj\u00e4lpa individer och organisationer att hantera sin ekonomi effektivt. F\u00f6r privatpersoner kan finansiell r\u00e5dgivning fr\u00e5n privata f\u00f6retag innefatta v\u00e4gledning om investeringar, sparande, pensionsplanering och hantering av personliga skulder. F\u00f6r f\u00f6retag fokuserar det p\u00e5 omr\u00e5den som kassafl\u00f6deshantering, investeringsstrategier, skatteplanering och tillv\u00e4xtm\u00f6jligheter. Genom att s\u00f6ka professionell finansiell r\u00e5dgivning fr\u00e5n privata f\u00f6retag kan b\u00e5de individer och organisationer fatta v\u00e4lgrundade beslut f\u00f6r att s\u00e4kra sin ekonomiska framtid och uppn\u00e5 sina m\u00e5l.<\/p>\t\t\t\t\t\t\t\t<\/div>\n\t\t\t\t<\/div>\n\t\t\t\t<\/div>\n\t\t\t\t\t<\/div>\n\t\t\t\t<\/div>\n\t\t\t\t<\/div>\n\t\t","protected":false},"excerpt":{"rendered":"<p>Finansiell r\u00e5dgivning privata f\u00f6retag spelar en viktig roll f\u00f6r att hj\u00e4lpa &#8230; <\/p>\n","protected":false},"author":1,"featured_media":0,"parent":0,"menu_order":0,"comment_status":"closed","ping_status":"closed","template":"","meta":{"nf_dc_page":"","_monsterinsights_skip_tracking":false,"_monsterinsights_sitenote_active":false,"_monsterinsights_sitenote_note":"","_monsterinsights_sitenote_category":0,"footnotes":""},"class_list":["post-2438","page","type-page","status-publish","hentry"],"yoast_head":"<!-- This site is optimized with the Yoast SEO plugin v27.4 - https:\/\/yoast.com\/product\/yoast-seo-wordpress\/ -->\n<title>Finansiell r\u00e5dgivning - Norra redovisningsbyr\u00e5 AB<\/title>\n<meta name=\"robots\" content=\"index, follow, max-snippet:-1, max-image-preview:large, max-video-preview:-1\" \/>\n<link rel=\"canonical\" href=\"https:\/\/norraredovisning.se\/financial-advice-private-and-companies\/\" \/>\n<meta property=\"og:locale\" content=\"sv_SE\" \/>\n<meta property=\"og:type\" content=\"article\" \/>\n<meta property=\"og:title\" content=\"Finansiell r\u00e5dgivning - Norra redovisningsbyr\u00e5 AB\" \/>\n<meta property=\"og:description\" content=\"Finansiell r\u00e5dgivning privata f\u00f6retag spelar en viktig roll f\u00f6r att hj\u00e4lpa ...\" \/>\n<meta property=\"og:url\" content=\"https:\/\/norraredovisning.se\/financial-advice-private-and-companies\/\" \/>\n<meta property=\"og:site_name\" content=\"Norra redovisningsbyr\u00e5 AB\" \/>\n<meta property=\"article:modified_time\" content=\"2025-03-29T18:14:56+00:00\" \/>\n<meta property=\"og:image\" content=\"https:\/\/norraredovisning.se\/wp-content\/uploads\/2025\/01\/Norra-Financial-advice-private-and-companies-copy.webp\" \/>\n\t<meta property=\"og:image:width\" content=\"800\" \/>\n\t<meta property=\"og:image:height\" content=\"533\" \/>\n\t<meta property=\"og:image:type\" content=\"image\/webp\" \/>\n<meta name=\"twitter:card\" content=\"summary_large_image\" \/>\n<meta name=\"twitter:label1\" content=\"Ber\u00e4knad l\u00e4stid\" \/>\n\t<meta name=\"twitter:data1\" content=\"1 minut\" \/>\n<script type=\"application\/ld+json\" class=\"yoast-schema-graph\">{\"@context\":\"https:\\\/\\\/schema.org\",\"@graph\":[{\"@type\":\"WebPage\",\"@id\":\"https:\\\/\\\/norraredovisning.se\\\/financial-advice-private-and-companies\\\/\",\"url\":\"https:\\\/\\\/norraredovisning.se\\\/financial-advice-private-and-companies\\\/\",\"name\":\"Finansiell r\u00e5dgivning - Norra redovisningsbyr\u00e5 AB\",\"isPartOf\":{\"@id\":\"https:\\\/\\\/norraredovisning.se\\\/#website\"},\"primaryImageOfPage\":{\"@id\":\"https:\\\/\\\/norraredovisning.se\\\/financial-advice-private-and-companies\\\/#primaryimage\"},\"image\":{\"@id\":\"https:\\\/\\\/norraredovisning.se\\\/financial-advice-private-and-companies\\\/#primaryimage\"},\"thumbnailUrl\":\"https:\\\/\\\/norraredovisning.se\\\/wp-content\\\/uploads\\\/2025\\\/01\\\/Norra-Financial-advice-private-and-companies-copy.webp\",\"datePublished\":\"2025-01-05T09:42:39+00:00\",\"dateModified\":\"2025-03-29T18:14:56+00:00\",\"breadcrumb\":{\"@id\":\"https:\\\/\\\/norraredovisning.se\\\/financial-advice-private-and-companies\\\/#breadcrumb\"},\"inLanguage\":\"sv-SE\",\"potentialAction\":[{\"@type\":\"ReadAction\",\"target\":[\"https:\\\/\\\/norraredovisning.se\\\/financial-advice-private-and-companies\\\/\"]}]},{\"@type\":\"ImageObject\",\"inLanguage\":\"sv-SE\",\"@id\":\"https:\\\/\\\/norraredovisning.se\\\/financial-advice-private-and-companies\\\/#primaryimage\",\"url\":\"https:\\\/\\\/norraredovisning.se\\\/wp-content\\\/uploads\\\/2025\\\/01\\\/Norra-Financial-advice-private-and-companies-copy.webp\",\"contentUrl\":\"https:\\\/\\\/norraredovisning.se\\\/wp-content\\\/uploads\\\/2025\\\/01\\\/Norra-Financial-advice-private-and-companies-copy.webp\"},{\"@type\":\"BreadcrumbList\",\"@id\":\"https:\\\/\\\/norraredovisning.se\\\/financial-advice-private-and-companies\\\/#breadcrumb\",\"itemListElement\":[{\"@type\":\"ListItem\",\"position\":1,\"name\":\"Home\",\"item\":\"https:\\\/\\\/norraredovisning.se\\\/hem\\\/\"},{\"@type\":\"ListItem\",\"position\":2,\"name\":\"Finansiell r\u00e5dgivning\"}]},{\"@type\":\"WebSite\",\"@id\":\"https:\\\/\\\/norraredovisning.se\\\/#website\",\"url\":\"https:\\\/\\\/norraredovisning.se\\\/\",\"name\":\"Norra redovisningsbyr\u00e5 AB\",\"description\":\"\",\"potentialAction\":[{\"@type\":\"SearchAction\",\"target\":{\"@type\":\"EntryPoint\",\"urlTemplate\":\"https:\\\/\\\/norraredovisning.se\\\/?s={search_term_string}\"},\"query-input\":{\"@type\":\"PropertyValueSpecification\",\"valueRequired\":true,\"valueName\":\"search_term_string\"}}],\"inLanguage\":\"sv-SE\"}]}<\/script>\n<!-- \/ Yoast SEO plugin. -->","yoast_head_json":{"title":"Finansiell r\u00e5dgivning - Norra redovisningsbyr\u00e5 AB","robots":{"index":"index","follow":"follow","max-snippet":"max-snippet:-1","max-image-preview":"max-image-preview:large","max-video-preview":"max-video-preview:-1"},"canonical":"https:\/\/norraredovisning.se\/financial-advice-private-and-companies\/","og_locale":"sv_SE","og_type":"article","og_title":"Finansiell r\u00e5dgivning - Norra redovisningsbyr\u00e5 AB","og_description":"Finansiell r\u00e5dgivning privata f\u00f6retag spelar en viktig roll f\u00f6r att hj\u00e4lpa ...","og_url":"https:\/\/norraredovisning.se\/financial-advice-private-and-companies\/","og_site_name":"Norra redovisningsbyr\u00e5 AB","article_modified_time":"2025-03-29T18:14:56+00:00","og_image":[{"width":800,"height":533,"url":"https:\/\/norraredovisning.se\/wp-content\/uploads\/2025\/01\/Norra-Financial-advice-private-and-companies-copy.webp","type":"image\/webp"}],"twitter_card":"summary_large_image","twitter_misc":{"Ber\u00e4knad l\u00e4stid":"1 minut"},"schema":{"@context":"https:\/\/schema.org","@graph":[{"@type":"WebPage","@id":"https:\/\/norraredovisning.se\/financial-advice-private-and-companies\/","url":"https:\/\/norraredovisning.se\/financial-advice-private-and-companies\/","name":"Finansiell r\u00e5dgivning - Norra redovisningsbyr\u00e5 AB","isPartOf":{"@id":"https:\/\/norraredovisning.se\/#website"},"primaryImageOfPage":{"@id":"https:\/\/norraredovisning.se\/financial-advice-private-and-companies\/#primaryimage"},"image":{"@id":"https:\/\/norraredovisning.se\/financial-advice-private-and-companies\/#primaryimage"},"thumbnailUrl":"https:\/\/norraredovisning.se\/wp-content\/uploads\/2025\/01\/Norra-Financial-advice-private-and-companies-copy.webp","datePublished":"2025-01-05T09:42:39+00:00","dateModified":"2025-03-29T18:14:56+00:00","breadcrumb":{"@id":"https:\/\/norraredovisning.se\/financial-advice-private-and-companies\/#breadcrumb"},"inLanguage":"sv-SE","potentialAction":[{"@type":"ReadAction","target":["https:\/\/norraredovisning.se\/financial-advice-private-and-companies\/"]}]},{"@type":"ImageObject","inLanguage":"sv-SE","@id":"https:\/\/norraredovisning.se\/financial-advice-private-and-companies\/#primaryimage","url":"https:\/\/norraredovisning.se\/wp-content\/uploads\/2025\/01\/Norra-Financial-advice-private-and-companies-copy.webp","contentUrl":"https:\/\/norraredovisning.se\/wp-content\/uploads\/2025\/01\/Norra-Financial-advice-private-and-companies-copy.webp"},{"@type":"BreadcrumbList","@id":"https:\/\/norraredovisning.se\/financial-advice-private-and-companies\/#breadcrumb","itemListElement":[{"@type":"ListItem","position":1,"name":"Home","item":"https:\/\/norraredovisning.se\/hem\/"},{"@type":"ListItem","position":2,"name":"Finansiell r\u00e5dgivning"}]},{"@type":"WebSite","@id":"https:\/\/norraredovisning.se\/#website","url":"https:\/\/norraredovisning.se\/","name":"Norra redovisningsbyr\u00e5 AB","description":"","potentialAction":[{"@type":"SearchAction","target":{"@type":"EntryPoint","urlTemplate":"https:\/\/norraredovisning.se\/?s={search_term_string}"},"query-input":{"@type":"PropertyValueSpecification","valueRequired":true,"valueName":"search_term_string"}}],"inLanguage":"sv-SE"}]}},"_links":{"self":[{"href":"https:\/\/norraredovisning.se\/sv\/wp-json\/wp\/v2\/pages\/2438","targetHints":{"allow":["GET"]}}],"collection":[{"href":"https:\/\/norraredovisning.se\/sv\/wp-json\/wp\/v2\/pages"}],"about":[{"href":"https:\/\/norraredovisning.se\/sv\/wp-json\/wp\/v2\/types\/page"}],"author":[{"embeddable":true,"href":"https:\/\/norraredovisning.se\/sv\/wp-json\/wp\/v2\/users\/1"}],"replies":[{"embeddable":true,"href":"https:\/\/norraredovisning.se\/sv\/wp-json\/wp\/v2\/comments?post=2438"}],"version-history":[{"count":3,"href":"https:\/\/norraredovisning.se\/sv\/wp-json\/wp\/v2\/pages\/2438\/revisions"}],"predecessor-version":[{"id":2465,"href":"https:\/\/norraredovisning.se\/sv\/wp-json\/wp\/v2\/pages\/2438\/revisions\/2465"}],"wp:attachment":[{"href":"https:\/\/norraredovisning.se\/sv\/wp-json\/wp\/v2\/media?parent=2438"}],"curies":[{"name":"wp","href":"https:\/\/api.w.org\/{rel}","templated":true}]}}