{"id":2436,"date":"2025-01-04T14:48:51","date_gmt":"2025-01-04T14:48:51","guid":{"rendered":"https:\/\/norraredovisning.se\/redovisning\/"},"modified":"2025-03-29T18:10:14","modified_gmt":"2025-03-29T18:10:14","slug":"redovisning","status":"publish","type":"page","link":"https:\/\/norraredovisning.se\/sv\/redovisning\/","title":{"rendered":"Redovisning"},"content":{"rendered":"\t\t<div data-elementor-type=\"wp-page\" data-elementor-id=\"2436\" class=\"elementor elementor-2436 elementor-1917\" data-elementor-post-type=\"page\">\n\t\t\t\t<div class=\"elementor-element elementor-element-7a5001d e-flex e-con-boxed e-con e-parent\" data-id=\"7a5001d\" data-element_type=\"container\" data-e-type=\"container\">\n\t\t\t\t\t<div class=\"e-con-inner\">\n\t\t<div class=\"elementor-element elementor-element-ffaf141 e-con-full e-flex e-con e-child\" data-id=\"ffaf141\" data-element_type=\"container\" data-e-type=\"container\">\n\t\t\t\t<div class=\"elementor-element elementor-element-c32203c elementor-widget elementor-widget-cz_image\" data-id=\"c32203c\" data-element_type=\"widget\" data-e-type=\"widget\" data-widget_type=\"cz_image.default\">\n\t\t\t\t<div class=\"elementor-widget-container\">\n\t\t\t\t\t\r\n\t\t<div class=\"cz_image clr cz_image_no_fx center_on_mobile\">\r\n\r\n\t\t\t<div>\r\n\r\n\t\t\t\t<div class=\"cz_image_in\" data-tilt data-tilt-maxGlare=\"0.2\" data-tilt-glare=\"true\" data-tilt-scale=\"0.9\">\r\n\r\n\t\t\t\t\t<div class=\"cz_main_image\"><img fetchpriority=\"high\" decoding=\"async\" width=\"1068\" height=\"712\" src=\"data:image\/svg+xml,%3Csvg%20xmlns%3D&#39;http%3A%2F%2Fwww.w3.org%2F2000%2Fsvg&#39;%20width=&#39;1068&#39;%20height=&#39;712&#39;%20viewBox%3D&#39;0%200%201068%20712&#39;%2F%3E\" data-czlz data-src=\"https:\/\/norraredovisning.se\/wp-content\/uploads\/2025\/01\/accounting.webp\" class=\"attachment-full size-full wp-image-1920\" alt=\"\" data-srcset=\"https:\/\/norraredovisning.se\/wp-content\/uploads\/2025\/01\/accounting.webp 1068w, https:\/\/norraredovisning.se\/wp-content\/uploads\/2025\/01\/accounting-300x200.webp 300w, https:\/\/norraredovisning.se\/wp-content\/uploads\/2025\/01\/accounting-1024x683.webp 1024w, https:\/\/norraredovisning.se\/wp-content\/uploads\/2025\/01\/accounting-768x512.webp 768w, https:\/\/norraredovisning.se\/wp-content\/uploads\/2025\/01\/accounting-600x400.webp 600w, https:\/\/norraredovisning.se\/wp-content\/uploads\/2025\/01\/accounting-1000x667.webp 1000w\" data-sizes=\"(max-width: 1068px) 100vw, 1068px\" \/><\/div>\r\n\r\n\t\t\t\t\t<div class=\"cz_hover_image\"><img fetchpriority=\"high\" decoding=\"async\" width=\"1068\" height=\"712\" src=\"data:image\/svg+xml,%3Csvg%20xmlns%3D&#39;http%3A%2F%2Fwww.w3.org%2F2000%2Fsvg&#39;%20width=&#39;1068&#39;%20height=&#39;712&#39;%20viewBox%3D&#39;0%200%201068%20712&#39;%2F%3E\" data-czlz data-src=\"https:\/\/norraredovisning.se\/wp-content\/uploads\/2025\/01\/accounting.webp\" class=\"attachment-full size-full wp-image-1920\" alt=\"\" data-srcset=\"https:\/\/norraredovisning.se\/wp-content\/uploads\/2025\/01\/accounting.webp 1068w, https:\/\/norraredovisning.se\/wp-content\/uploads\/2025\/01\/accounting-300x200.webp 300w, https:\/\/norraredovisning.se\/wp-content\/uploads\/2025\/01\/accounting-1024x683.webp 1024w, https:\/\/norraredovisning.se\/wp-content\/uploads\/2025\/01\/accounting-768x512.webp 768w, https:\/\/norraredovisning.se\/wp-content\/uploads\/2025\/01\/accounting-600x400.webp 600w, https:\/\/norraredovisning.se\/wp-content\/uploads\/2025\/01\/accounting-1000x667.webp 1000w\" data-sizes=\"(max-width: 1068px) 100vw, 1068px\" \/><\/div>\r\n\t\t\t\t<\/div>\r\n\r\n\t\t\t\t\r\n\t\t\t<\/div>\r\n\r\n\t\t<\/div>\r\n\r\n\t\t\t\t\t\t<\/div>\n\t\t\t\t<\/div>\n\t\t\t\t<\/div>\n\t\t<div class=\"elementor-element elementor-element-943c48b e-con-full e-flex e-con e-child\" data-id=\"943c48b\" data-element_type=\"container\" data-e-type=\"container\">\n\t\t\t\t<div class=\"elementor-element elementor-element-3a7068a elementor-widget elementor-widget-text-editor\" data-id=\"3a7068a\" data-element_type=\"widget\" data-e-type=\"widget\" data-widget_type=\"text-editor.default\">\n\t\t\t\t<div class=\"elementor-widget-container\">\n\t\t\t\t\t\t\t\t\t<p style=\"text-align: justify;\"><strong>Redovisning<\/strong> \u00e4r en avg\u00f6rande process i alla f\u00f6retag, som fungerar som ryggraden f\u00f6r att sp\u00e5ra och hantera finansiella transaktioner. Det inneb\u00e4r att registrera, sammanfatta och analysera finansiella data f\u00f6r att s\u00e4kerst\u00e4lla transparens och efterlevnad av lagar. Genom bokf\u00f6ring kan f\u00f6retag fatta v\u00e4lgrundade beslut, planera f\u00f6r framtiden och utv\u00e4rdera sina resultat \u00f6ver tid. Oavsett om det g\u00e4ller sm\u00e5 f\u00f6retag eller stora f\u00f6retag, ger redovisning de n\u00f6dv\u00e4ndiga insikterna f\u00f6r att uppr\u00e4tth\u00e5lla finansiell stabilitet och uppn\u00e5 tillv\u00e4xt.<\/p>\t\t\t\t\t\t\t\t<\/div>\n\t\t\t\t<\/div>\n\t\t\t\t<\/div>\n\t\t\t\t\t<\/div>\n\t\t\t\t<\/div>\n\t\t\t\t<\/div>\n\t\t","protected":false},"excerpt":{"rendered":"<p>Redovisning \u00e4r en avg\u00f6rande process i alla f\u00f6retag, som fungerar som &#8230; <\/p>\n","protected":false},"author":1,"featured_media":0,"parent":0,"menu_order":0,"comment_status":"closed","ping_status":"closed","template":"","meta":{"nf_dc_page":"","_monsterinsights_skip_tracking":false,"_monsterinsights_sitenote_active":false,"_monsterinsights_sitenote_note":"","_monsterinsights_sitenote_category":0,"footnotes":""},"class_list":["post-2436","page","type-page","status-publish","hentry"],"yoast_head":"<!-- This site is optimized with the Yoast SEO plugin v27.4 - https:\/\/yoast.com\/product\/yoast-seo-wordpress\/ -->\n<title>Redovisning - Norra redovisningsbyr\u00e5 AB<\/title>\n<meta name=\"robots\" content=\"index, follow, max-snippet:-1, max-image-preview:large, max-video-preview:-1\" \/>\n<link rel=\"canonical\" href=\"https:\/\/norraredovisning.se\/accounting\/\" \/>\n<meta property=\"og:locale\" content=\"sv_SE\" \/>\n<meta property=\"og:type\" content=\"article\" \/>\n<meta property=\"og:title\" content=\"Redovisning - Norra redovisningsbyr\u00e5 AB\" \/>\n<meta property=\"og:description\" content=\"Redovisning \u00e4r en avg\u00f6rande process i alla f\u00f6retag, som fungerar som ...\" \/>\n<meta property=\"og:url\" content=\"https:\/\/norraredovisning.se\/accounting\/\" \/>\n<meta property=\"og:site_name\" content=\"Norra redovisningsbyr\u00e5 AB\" \/>\n<meta property=\"article:modified_time\" content=\"2025-03-29T18:10:14+00:00\" \/>\n<meta property=\"og:image\" content=\"https:\/\/norraredovisning.se\/wp-content\/uploads\/2025\/01\/accounting.webp\" \/>\n\t<meta property=\"og:image:width\" content=\"1068\" \/>\n\t<meta property=\"og:image:height\" content=\"712\" \/>\n\t<meta property=\"og:image:type\" content=\"image\/webp\" \/>\n<meta name=\"twitter:card\" content=\"summary_large_image\" \/>\n<meta name=\"twitter:label1\" content=\"Ber\u00e4knad l\u00e4stid\" \/>\n\t<meta name=\"twitter:data1\" content=\"1 minut\" \/>\n<script type=\"application\/ld+json\" class=\"yoast-schema-graph\">{\"@context\":\"https:\\\/\\\/schema.org\",\"@graph\":[{\"@type\":\"WebPage\",\"@id\":\"https:\\\/\\\/norraredovisning.se\\\/accounting\\\/\",\"url\":\"https:\\\/\\\/norraredovisning.se\\\/accounting\\\/\",\"name\":\"Redovisning - Norra redovisningsbyr\u00e5 AB\",\"isPartOf\":{\"@id\":\"https:\\\/\\\/norraredovisning.se\\\/#website\"},\"primaryImageOfPage\":{\"@id\":\"https:\\\/\\\/norraredovisning.se\\\/accounting\\\/#primaryimage\"},\"image\":{\"@id\":\"https:\\\/\\\/norraredovisning.se\\\/accounting\\\/#primaryimage\"},\"thumbnailUrl\":\"https:\\\/\\\/norraredovisning.se\\\/wp-content\\\/uploads\\\/2025\\\/01\\\/accounting.webp\",\"datePublished\":\"2025-01-04T14:48:51+00:00\",\"dateModified\":\"2025-03-29T18:10:14+00:00\",\"breadcrumb\":{\"@id\":\"https:\\\/\\\/norraredovisning.se\\\/accounting\\\/#breadcrumb\"},\"inLanguage\":\"sv-SE\",\"potentialAction\":[{\"@type\":\"ReadAction\",\"target\":[\"https:\\\/\\\/norraredovisning.se\\\/accounting\\\/\"]}]},{\"@type\":\"ImageObject\",\"inLanguage\":\"sv-SE\",\"@id\":\"https:\\\/\\\/norraredovisning.se\\\/accounting\\\/#primaryimage\",\"url\":\"https:\\\/\\\/norraredovisning.se\\\/wp-content\\\/uploads\\\/2025\\\/01\\\/accounting.webp\",\"contentUrl\":\"https:\\\/\\\/norraredovisning.se\\\/wp-content\\\/uploads\\\/2025\\\/01\\\/accounting.webp\"},{\"@type\":\"BreadcrumbList\",\"@id\":\"https:\\\/\\\/norraredovisning.se\\\/accounting\\\/#breadcrumb\",\"itemListElement\":[{\"@type\":\"ListItem\",\"position\":1,\"name\":\"Home\",\"item\":\"https:\\\/\\\/norraredovisning.se\\\/hem\\\/\"},{\"@type\":\"ListItem\",\"position\":2,\"name\":\"Redovisning\"}]},{\"@type\":\"WebSite\",\"@id\":\"https:\\\/\\\/norraredovisning.se\\\/#website\",\"url\":\"https:\\\/\\\/norraredovisning.se\\\/\",\"name\":\"Norra redovisningsbyr\u00e5 AB\",\"description\":\"\",\"potentialAction\":[{\"@type\":\"SearchAction\",\"target\":{\"@type\":\"EntryPoint\",\"urlTemplate\":\"https:\\\/\\\/norraredovisning.se\\\/?s={search_term_string}\"},\"query-input\":{\"@type\":\"PropertyValueSpecification\",\"valueRequired\":true,\"valueName\":\"search_term_string\"}}],\"inLanguage\":\"sv-SE\"}]}<\/script>\n<!-- \/ Yoast SEO plugin. -->","yoast_head_json":{"title":"Redovisning - Norra redovisningsbyr\u00e5 AB","robots":{"index":"index","follow":"follow","max-snippet":"max-snippet:-1","max-image-preview":"max-image-preview:large","max-video-preview":"max-video-preview:-1"},"canonical":"https:\/\/norraredovisning.se\/accounting\/","og_locale":"sv_SE","og_type":"article","og_title":"Redovisning - Norra redovisningsbyr\u00e5 AB","og_description":"Redovisning \u00e4r en avg\u00f6rande process i alla f\u00f6retag, som fungerar som ...","og_url":"https:\/\/norraredovisning.se\/accounting\/","og_site_name":"Norra redovisningsbyr\u00e5 AB","article_modified_time":"2025-03-29T18:10:14+00:00","og_image":[{"width":1068,"height":712,"url":"https:\/\/norraredovisning.se\/wp-content\/uploads\/2025\/01\/accounting.webp","type":"image\/webp"}],"twitter_card":"summary_large_image","twitter_misc":{"Ber\u00e4knad l\u00e4stid":"1 minut"},"schema":{"@context":"https:\/\/schema.org","@graph":[{"@type":"WebPage","@id":"https:\/\/norraredovisning.se\/accounting\/","url":"https:\/\/norraredovisning.se\/accounting\/","name":"Redovisning - Norra redovisningsbyr\u00e5 AB","isPartOf":{"@id":"https:\/\/norraredovisning.se\/#website"},"primaryImageOfPage":{"@id":"https:\/\/norraredovisning.se\/accounting\/#primaryimage"},"image":{"@id":"https:\/\/norraredovisning.se\/accounting\/#primaryimage"},"thumbnailUrl":"https:\/\/norraredovisning.se\/wp-content\/uploads\/2025\/01\/accounting.webp","datePublished":"2025-01-04T14:48:51+00:00","dateModified":"2025-03-29T18:10:14+00:00","breadcrumb":{"@id":"https:\/\/norraredovisning.se\/accounting\/#breadcrumb"},"inLanguage":"sv-SE","potentialAction":[{"@type":"ReadAction","target":["https:\/\/norraredovisning.se\/accounting\/"]}]},{"@type":"ImageObject","inLanguage":"sv-SE","@id":"https:\/\/norraredovisning.se\/accounting\/#primaryimage","url":"https:\/\/norraredovisning.se\/wp-content\/uploads\/2025\/01\/accounting.webp","contentUrl":"https:\/\/norraredovisning.se\/wp-content\/uploads\/2025\/01\/accounting.webp"},{"@type":"BreadcrumbList","@id":"https:\/\/norraredovisning.se\/accounting\/#breadcrumb","itemListElement":[{"@type":"ListItem","position":1,"name":"Home","item":"https:\/\/norraredovisning.se\/hem\/"},{"@type":"ListItem","position":2,"name":"Redovisning"}]},{"@type":"WebSite","@id":"https:\/\/norraredovisning.se\/#website","url":"https:\/\/norraredovisning.se\/","name":"Norra redovisningsbyr\u00e5 AB","description":"","potentialAction":[{"@type":"SearchAction","target":{"@type":"EntryPoint","urlTemplate":"https:\/\/norraredovisning.se\/?s={search_term_string}"},"query-input":{"@type":"PropertyValueSpecification","valueRequired":true,"valueName":"search_term_string"}}],"inLanguage":"sv-SE"}]}},"_links":{"self":[{"href":"https:\/\/norraredovisning.se\/sv\/wp-json\/wp\/v2\/pages\/2436","targetHints":{"allow":["GET"]}}],"collection":[{"href":"https:\/\/norraredovisning.se\/sv\/wp-json\/wp\/v2\/pages"}],"about":[{"href":"https:\/\/norraredovisning.se\/sv\/wp-json\/wp\/v2\/types\/page"}],"author":[{"embeddable":true,"href":"https:\/\/norraredovisning.se\/sv\/wp-json\/wp\/v2\/users\/1"}],"replies":[{"embeddable":true,"href":"https:\/\/norraredovisning.se\/sv\/wp-json\/wp\/v2\/comments?post=2436"}],"version-history":[{"count":3,"href":"https:\/\/norraredovisning.se\/sv\/wp-json\/wp\/v2\/pages\/2436\/revisions"}],"predecessor-version":[{"id":2447,"href":"https:\/\/norraredovisning.se\/sv\/wp-json\/wp\/v2\/pages\/2436\/revisions\/2447"}],"wp:attachment":[{"href":"https:\/\/norraredovisning.se\/sv\/wp-json\/wp\/v2\/media?parent=2436"}],"curies":[{"name":"wp","href":"https:\/\/api.w.org\/{rel}","templated":true}]}}