{"id":2296,"date":"2024-06-29T11:11:20","date_gmt":"2024-06-29T11:11:20","guid":{"rendered":"https:\/\/norraredovisning.se\/om-oss\/"},"modified":"2025-03-29T18:28:38","modified_gmt":"2025-03-29T18:28:38","slug":"om-oss","status":"publish","type":"page","link":"https:\/\/norraredovisning.se\/sv\/om-oss\/","title":{"rendered":"Om oss"},"content":{"rendered":"\t\t<div data-elementor-type=\"wp-page\" data-elementor-id=\"2296\" class=\"elementor elementor-2296 elementor-881\" data-elementor-post-type=\"page\">\n\t\t\t\t\t\t<section class=\"elementor-section elementor-top-section elementor-element elementor-element-e3d50e6 elementor-section-boxed elementor-section-height-default elementor-section-height-default\" data-id=\"e3d50e6\" data-element_type=\"section\" data-e-type=\"section\">\n\t\t\t\t\t\t<div class=\"elementor-container elementor-column-gap-default\">\n\t\t\t\t\t<div class=\"elementor-column elementor-col-100 elementor-top-column elementor-element elementor-element-a929c6c\" data-id=\"a929c6c\" data-element_type=\"column\" data-e-type=\"column\">\n\t\t\t<div class=\"elementor-widget-wrap elementor-element-populated\">\n\t\t\t\t\t\t<div class=\"elementor-element elementor-element-23e38a2 elementor-widget elementor-widget-cz_gap\" data-id=\"23e38a2\" data-element_type=\"widget\" data-e-type=\"widget\" data-widget_type=\"cz_gap.default\">\n\t\t\t\t<div class=\"elementor-widget-container\">\n\t\t\t\t\t<div class=\"cz_gap clr\"><\/div>\t\t\t\t<\/div>\n\t\t\t\t<\/div>\n\t\t\t\t<div class=\"elementor-element elementor-element-d86bef8 elementor-widget elementor-widget-cz_title\" data-id=\"d86bef8\" data-element_type=\"widget\" data-e-type=\"widget\" data-widget_type=\"cz_title.default\">\n\t\t\t\t<div class=\"elementor-widget-container\">\n\t\t\t\t\t\t\r\n\t\t<div>\r\n\t\t\t<div class=\"cz_title clr cz_title_pos_inline tac\"><div class=\"cz_title_shape shape_image cz_shape_1\"><img decoding=\"async\" width=\"150\" height=\"150\" src=\"data:image\/svg+xml,%3Csvg%20xmlns%3D&#39;http%3A%2F%2Fwww.w3.org%2F2000%2Fsvg&#39;%20width=&#39;150&#39;%20height=&#39;150&#39;%20viewBox%3D&#39;0%200%20150%20150&#39;%2F%3E\" data-czlz data-src=\"https:\/\/norraredovisning.se\/wp-content\/uploads\/2025\/01\/1625631-2.png\" class=\"attachment-full size-full wp-image-1662\" alt=\"\" data-srcset=\"https:\/\/norraredovisning.se\/wp-content\/uploads\/2025\/01\/1625631-2.png 150w, https:\/\/norraredovisning.se\/wp-content\/uploads\/2025\/01\/1625631-2-100x100.png 100w\" data-sizes=\"(max-width: 150px) 100vw, 150px\" \/><\/div><div class=\"cz_title_content\"><div class=\"cz_wpe_content\"><h3 style=\"text-align: center;\"><strong>Med \u00f6ver <span style=\"color: #892b5c;\">20<\/span> \u00e5rs erfarenhet<br \/><\/strong><\/h3><p style=\"text-align: center;\"><span class=\"HwtZe\" lang=\"en\"><span class=\"jCAhz ChMk0b\"><span class=\"ryNqvb\">En p\u00e5litlig partner f\u00f6r ditt f\u00f6retag<\/span><\/span><\/span><\/p><\/div><\/div><\/div>\r\n\t\t<\/div>\r\n\t\t\r\n\t\t\t\t\t\t<\/div>\n\t\t\t\t<\/div>\n\t\t\t\t<div class=\"elementor-element elementor-element-b71ed9f elementor-widget elementor-widget-cz_gap\" data-id=\"b71ed9f\" data-element_type=\"widget\" data-e-type=\"widget\" data-widget_type=\"cz_gap.default\">\n\t\t\t\t<div class=\"elementor-widget-container\">\n\t\t\t\t\t<div class=\"cz_gap clr\"><\/div>\t\t\t\t<\/div>\n\t\t\t\t<\/div>\n\t\t\t\t\t<\/div>\n\t\t<\/div>\n\t\t\t\t\t<\/div>\n\t\t<\/section>\n\t\t\t\t<section class=\"elementor-section elementor-top-section elementor-element elementor-element-d67532d elementor-section-stretched elementor-section-boxed elementor-section-height-default elementor-section-height-default\" data-id=\"d67532d\" data-element_type=\"section\" data-e-type=\"section\" data-settings=\"{&quot;stretch_section&quot;:&quot;section-stretched&quot;,&quot;background_background&quot;:&quot;classic&quot;}\">\n\t\t\t\t\t\t<div class=\"elementor-container elementor-column-gap-default\">\n\t\t\t\t\t<div class=\"elementor-column elementor-col-100 elementor-top-column elementor-element elementor-element-384d6ce\" data-id=\"384d6ce\" data-element_type=\"column\" data-e-type=\"column\">\n\t\t\t<div class=\"elementor-widget-wrap elementor-element-populated\">\n\t\t\t\t\t\t<section class=\"elementor-section elementor-inner-section elementor-element elementor-element-675f9c2 elementor-section-boxed elementor-section-height-default elementor-section-height-default\" data-id=\"675f9c2\" data-element_type=\"section\" data-e-type=\"section\">\n\t\t\t\t\t\t<div class=\"elementor-container elementor-column-gap-default\">\n\t\t\t\t\t<div class=\"elementor-column elementor-col-33 elementor-inner-column elementor-element elementor-element-21a6cdc\" data-id=\"21a6cdc\" data-element_type=\"column\" data-e-type=\"column\">\n\t\t\t<div class=\"elementor-widget-wrap\">\n\t\t\t\t\t\t\t<\/div>\n\t\t<\/div>\n\t\t\t\t<div class=\"elementor-column elementor-col-33 elementor-inner-column elementor-element elementor-element-d63a628\" data-id=\"d63a628\" data-element_type=\"column\" data-e-type=\"column\">\n\t\t\t<div class=\"elementor-widget-wrap elementor-element-populated\">\n\t\t\t\t\t\t<div class=\"elementor-element elementor-element-a256de2 elementor-arrows-position-outside elementor-widget elementor-widget-image-carousel\" data-id=\"a256de2\" data-element_type=\"widget\" data-e-type=\"widget\" data-settings=\"{&quot;slides_to_show&quot;:&quot;1&quot;,&quot;navigation&quot;:&quot;arrows&quot;,&quot;autoplay&quot;:&quot;yes&quot;,&quot;pause_on_hover&quot;:&quot;yes&quot;,&quot;pause_on_interaction&quot;:&quot;yes&quot;,&quot;autoplay_speed&quot;:5000,&quot;infinite&quot;:&quot;yes&quot;,&quot;effect&quot;:&quot;slide&quot;,&quot;speed&quot;:500}\" data-widget_type=\"image-carousel.default\">\n\t\t\t\t<div class=\"elementor-widget-container\">\n\t\t\t\t\t\t\t<div class=\"elementor-image-carousel-wrapper swiper\" role=\"region\" aria-roledescription=\"carousel\" aria-label=\"Image Carousel\" dir=\"ltr\">\n\t\t\t<div class=\"elementor-image-carousel swiper-wrapper\" aria-live=\"off\">\n\t\t\t\t\t\t\t\t<div class=\"swiper-slide\" role=\"group\" aria-roledescription=\"slide\" aria-label=\"1 av 2\"><figure class=\"swiper-slide-inner\"><img decoding=\"async\" class=\"swiper-slide-image\" src=\"data:image\/svg+xml,%3Csvg%20xmlns%3D&#39;http%3A%2F%2Fwww.w3.org%2F2000%2Fsvg&#39;%20width=&#39;_w_&#39;%20height=&#39;_h_&#39;%20viewBox%3D&#39;0%200%20_w_%20_h_&#39;%2F%3E\" data-czlz data-src=\"https:\/\/norraredovisning.se\/wp-content\/uploads\/2025\/01\/photo_2025-01-03_20-33-06-2.jpg\" alt=\"photo_2025-01-03_20-33-06\" \/><\/figure><\/div><div class=\"swiper-slide\" role=\"group\" aria-roledescription=\"slide\" aria-label=\"2 av 2\"><figure class=\"swiper-slide-inner\"><img decoding=\"async\" class=\"swiper-slide-image\" src=\"data:image\/svg+xml,%3Csvg%20xmlns%3D&#39;http%3A%2F%2Fwww.w3.org%2F2000%2Fsvg&#39;%20width=&#39;_w_&#39;%20height=&#39;_h_&#39;%20viewBox%3D&#39;0%200%20_w_%20_h_&#39;%2F%3E\" data-czlz data-src=\"https:\/\/norraredovisning.se\/wp-content\/uploads\/2025\/01\/photo_2025-01-03_20-33-09-1.jpg\" alt=\"photo_2025-01-03_20-33-09\" \/><\/figure><\/div>\t\t\t<\/div>\n\t\t\t\t\t\t\t\t\t\t\t\t<div class=\"elementor-swiper-button elementor-swiper-button-prev\" role=\"button\" tabindex=\"0\">\n\t\t\t\t\t\t<i aria-hidden=\"true\" class=\"eicon-chevron-left\"><\/i>\t\t\t\t\t<\/div>\n\t\t\t\t\t<div class=\"elementor-swiper-button elementor-swiper-button-next\" role=\"button\" tabindex=\"0\">\n\t\t\t\t\t\t<i aria-hidden=\"true\" class=\"eicon-chevron-right\"><\/i>\t\t\t\t\t<\/div>\n\t\t\t\t\n\t\t\t\t\t\t\t\t\t<\/div>\n\t\t\t\t\t\t<\/div>\n\t\t\t\t<\/div>\n\t\t\t\t<div class=\"elementor-element elementor-element-846f110 elementor-widget elementor-widget-text-editor\" data-id=\"846f110\" data-element_type=\"widget\" data-e-type=\"widget\" data-widget_type=\"text-editor.default\">\n\t\t\t\t<div class=\"elementor-widget-container\">\n\t\t\t\t\t\t\t\t\t<h3 style=\"text-align: justify;\"><span style=\"color: #ffffff;\">Med \u00f6ver 20 \u00e5rs erfarenhet har det varit en p\u00e5litlig partner f\u00f6r f\u00f6retag som navigerar i komplexiteten med redovisning i Sverige. Oavsett om du driver ett enskild firma, aktiebolag eller n\u00e5gon annan aff\u00e4rsstruktur, tillhandah\u00e5ller vi experter, skr\u00e4ddarsydda l\u00f6sningar f\u00f6r att s\u00e4kerst\u00e4lla finansiell tydlighet, efterlevnad och tillv\u00e4xt. Genom att kombinera \u00e5rtionden av expertis med modern teknik f\u00f6renklar vi din ekonomi s\u00e5 att du kan fokusera p\u00e5 att bygga din framg\u00e5ng.<\/span><\/h3>\t\t\t\t\t\t\t\t<\/div>\n\t\t\t\t<\/div>\n\t\t\t\t\t<\/div>\n\t\t<\/div>\n\t\t\t\t<div class=\"elementor-column elementor-col-33 elementor-inner-column elementor-element elementor-element-b051abe\" data-id=\"b051abe\" data-element_type=\"column\" data-e-type=\"column\">\n\t\t\t<div class=\"elementor-widget-wrap\">\n\t\t\t\t\t\t\t<\/div>\n\t\t<\/div>\n\t\t\t\t\t<\/div>\n\t\t<\/section>\n\t\t\t\t\t<\/div>\n\t\t<\/div>\n\t\t\t\t\t<\/div>\n\t\t<\/section>\n\t\t\t\t<section class=\"elementor-section elementor-top-section elementor-element elementor-element-ee5b384 elementor-section-boxed elementor-section-height-default elementor-section-height-default\" data-id=\"ee5b384\" data-element_type=\"section\" data-e-type=\"section\">\n\t\t\t\t\t\t<div class=\"elementor-container elementor-column-gap-default\">\n\t\t\t\t\t<div class=\"elementor-column elementor-col-100 elementor-top-column elementor-element elementor-element-cb940bc\" data-id=\"cb940bc\" data-element_type=\"column\" data-e-type=\"column\">\n\t\t\t<div class=\"elementor-widget-wrap elementor-element-populated\">\n\t\t\t\t\t\t<div class=\"elementor-element elementor-element-7722d4a elementor-widget elementor-widget-cz_gap\" data-id=\"7722d4a\" data-element_type=\"widget\" data-e-type=\"widget\" data-widget_type=\"cz_gap.default\">\n\t\t\t\t<div class=\"elementor-widget-container\">\n\t\t\t\t\t<div class=\"cz_gap clr\"><\/div>\t\t\t\t<\/div>\n\t\t\t\t<\/div>\n\t\t\t\t\t<\/div>\n\t\t<\/div>\n\t\t\t\t\t<\/div>\n\t\t<\/section>\n\t\t<div class=\"elementor-element elementor-element-70f8616 e-flex e-con-boxed e-con e-parent\" data-id=\"70f8616\" data-element_type=\"container\" data-e-type=\"container\">\n\t\t\t\t\t<div class=\"e-con-inner\">\n\t\t<div class=\"elementor-element elementor-element-cd508e5 e-con-full e-flex e-con e-child\" data-id=\"cd508e5\" data-element_type=\"container\" data-e-type=\"container\">\n\t\t\t\t<div class=\"elementor-element elementor-element-4728e47 elementor-widget elementor-widget-cz_team\" data-id=\"4728e47\" data-element_type=\"widget\" data-e-type=\"widget\" data-widget_type=\"cz_team.default\">\n\t\t\t\t<div class=\"elementor-widget-container\">\n\t\t\t\t\t<div class=\"cz_team mb30 clr cz_team_1\"><div class=\"cz_team_img\"><img fetchpriority=\"high\" decoding=\"async\" width=\"242\" height=\"316\" src=\"data:image\/svg+xml,%3Csvg%20xmlns%3D&#39;http%3A%2F%2Fwww.w3.org%2F2000%2Fsvg&#39;%20width=&#39;242&#39;%20height=&#39;316&#39;%20viewBox%3D&#39;0%200%20242%20316&#39;%2F%3E\" data-czlz data-src=\"https:\/\/norraredovisning.se\/wp-content\/uploads\/2025\/01\/photo_2025-01-03_21-13-26.jpg\" class=\"attachment-full size-full wp-image-1710\" alt=\"\" data-srcset=\"https:\/\/norraredovisning.se\/wp-content\/uploads\/2025\/01\/photo_2025-01-03_21-13-26.jpg 242w, https:\/\/norraredovisning.se\/wp-content\/uploads\/2025\/01\/photo_2025-01-03_21-13-26-230x300.jpg 230w\" data-sizes=\"(max-width: 242px) 100vw, 242px\" \/><\/div><div class=\"cz_team_content cz_wpe_content\"><h4><strong>Faramarz Hamidi<\/strong><\/h4><h6><span class=\"HwtZe\" lang=\"en\"><span class=\"jCAhz ChMk0b\"><span class=\"ryNqvb\">Grundare<\/span><\/span><\/span><\/h6><p>(+46) 70-624 03 30<\/p><p>Info@norraredovisning.se<\/p><\/div><div class=\"cz_team_social cz_social clr\"><div class=\"cz_team_social_in\"><\/div><\/div><\/div>\t\t\t\t<\/div>\n\t\t\t\t<\/div>\n\t\t\t\t<\/div>\n\t\t\t\t\t<\/div>\n\t\t\t\t<\/div>\n\t\t\t\t<section class=\"elementor-section elementor-top-section elementor-element elementor-element-54613dd5 elementor-section-boxed elementor-section-height-default elementor-section-height-default\" data-id=\"54613dd5\" data-element_type=\"section\" data-e-type=\"section\">\n\t\t\t\t\t\t<div class=\"elementor-container elementor-column-gap-default\">\n\t\t\t\t\t<div class=\"elementor-column elementor-col-100 elementor-top-column elementor-element elementor-element-34d20506\" data-id=\"34d20506\" data-element_type=\"column\" data-e-type=\"column\">\n\t\t\t<div class=\"elementor-widget-wrap elementor-element-populated\">\n\t\t\t\t\t\t<section class=\"elementor-section elementor-inner-section elementor-element elementor-element-b6f4899 elementor-section-boxed elementor-section-height-default elementor-section-height-default\" data-id=\"b6f4899\" data-element_type=\"section\" data-e-type=\"section\" data-settings=\"{&quot;background_background&quot;:&quot;classic&quot;}\">\n\t\t\t\t\t\t<div class=\"elementor-container elementor-column-gap-default\">\n\t\t\t\t\t<div class=\"elementor-column elementor-col-50 elementor-inner-column elementor-element elementor-element-32db5c7\" data-id=\"32db5c7\" data-element_type=\"column\" data-e-type=\"column\">\n\t\t\t<div class=\"elementor-widget-wrap elementor-element-populated\">\n\t\t\t\t\t\t<div class=\"elementor-element elementor-element-dcafe82 elementor-widget elementor-widget-cz_title\" data-id=\"dcafe82\" data-element_type=\"widget\" data-e-type=\"widget\" data-widget_type=\"cz_title.default\">\n\t\t\t\t<div class=\"elementor-widget-container\">\n\t\t\t\t\t\t\r\n\t\t<div>\r\n\t\t\t<div class=\"cz_title clr cz_mobile_text_center cz_title_has_icon cz_title_pos_inline\"><div class=\"cz_title_content\"><i class=\"cz_title_icon_before czi czico-123-call\"><\/i><div class=\"cz_wpe_content\"><h3><span style=\"font-size: 32px; color: #ffffff;\"><span class=\"HwtZe\" lang=\"en\"><span class=\"jCAhz\"><span class=\"ryNqvb\">Vi v\u00e4ntar p\u00e5 att h\u00f6ra fr\u00e5n dig<\/span><\/span><\/span><\/span><\/h3><\/div><\/div><\/div>\r\n\t\t<\/div>\r\n\t\t\r\n\t\t\t\t\t\t<\/div>\n\t\t\t\t<\/div>\n\t\t\t\t\t<\/div>\n\t\t<\/div>\n\t\t\t\t<div class=\"elementor-column elementor-col-50 elementor-inner-column elementor-element elementor-element-d009362\" data-id=\"d009362\" data-element_type=\"column\" data-e-type=\"column\">\n\t\t\t<div class=\"elementor-widget-wrap elementor-element-populated\">\n\t\t\t\t\t\t<div class=\"elementor-element elementor-element-1c578f6 elementor-widget elementor-widget-cz_button\" data-id=\"1c578f6\" data-element_type=\"widget\" data-e-type=\"widget\" data-widget_type=\"cz_button.default\">\n\t\t\t\t<div class=\"elementor-widget-container\">\n\t\t\t\t\t\t\t<div class=\"cz_btn_center\">\r\n\t\t\t<div>\r\n\t\t\t\t<a href=\"https:\/\/norraredovisning.se\/contact\/\" class=\"cz_btn cz_btn_txt_move_up cz_btn_zoom_in\">\r\n\r\n\t\t\t\t\t<span><i class=\"fa fa-angle-right\"><\/i>\t\t\t\t\t\t<strong>Kontakta oss nu\t\t\t\t\t\t\t\t\t\t\t\t\t<\/strong>\r\n\t\t\t\t\t\t\t\t\t\t\t<\/span>\r\n\r\n\t\t\t\t\t<b class=\"cz_btn_onhover\">\r\n\t\t\t\t\t\t<i class=\"fa fa-angle-right\"><\/i>\t\t\t\t\t\t<strong>\r\n\t\t\t\t\t\t\tExcellent Choice\t\t\t\t\t\t\t\t\t\t\t\t\t<\/strong>\r\n\t\t\t\t\t\t\t\t\t\t\t<\/b>\r\n\r\n\t\t\t\t<\/a>\r\n\t\t\t<\/div>\r\n\t\t<\/div> \t\t\t\t\t\t<\/div>\n\t\t\t\t<\/div>\n\t\t\t\t\t<\/div>\n\t\t<\/div>\n\t\t\t\t\t<\/div>\n\t\t<\/section>\n\t\t\t\t\t<\/div>\n\t\t<\/div>\n\t\t\t\t\t<\/div>\n\t\t<\/section>\n\t\t\t\t<section class=\"elementor-section elementor-top-section elementor-element elementor-element-7a651e3f elementor-section-boxed elementor-section-height-default elementor-section-height-default\" data-id=\"7a651e3f\" data-element_type=\"section\" data-e-type=\"section\">\n\t\t\t\t\t\t<div class=\"elementor-container elementor-column-gap-default\">\n\t\t\t\t\t<div class=\"elementor-column elementor-col-100 elementor-top-column elementor-element elementor-element-2a78e34b\" data-id=\"2a78e34b\" data-element_type=\"column\" data-e-type=\"column\">\n\t\t\t<div class=\"elementor-widget-wrap elementor-element-populated\">\n\t\t\t\t\t\t<div class=\"elementor-element elementor-element-1643be26 elementor-widget elementor-widget-cz_gap\" data-id=\"1643be26\" data-element_type=\"widget\" data-e-type=\"widget\" data-widget_type=\"cz_gap.default\">\n\t\t\t\t<div class=\"elementor-widget-container\">\n\t\t\t\t\t<div class=\"cz_gap clr\"><\/div>\t\t\t\t<\/div>\n\t\t\t\t<\/div>\n\t\t\t\t\t<\/div>\n\t\t<\/div>\n\t\t\t\t\t<\/div>\n\t\t<\/section>\n\t\t\t\t<\/div>\n\t\t","protected":false},"excerpt":{"rendered":"<p>Med \u00f6ver 20 \u00e5rs erfarenhet En p\u00e5litlig partner f\u00f6r ditt f\u00f6retag &#8230; <\/p>\n","protected":false},"author":1,"featured_media":0,"parent":0,"menu_order":0,"comment_status":"closed","ping_status":"closed","template":"","meta":{"nf_dc_page":"","_monsterinsights_skip_tracking":false,"_monsterinsights_sitenote_active":false,"_monsterinsights_sitenote_note":"","_monsterinsights_sitenote_category":0,"footnotes":""},"class_list":["post-2296","page","type-page","status-publish","hentry"],"yoast_head":"<!-- This site is optimized with the Yoast SEO plugin v27.4 - https:\/\/yoast.com\/product\/yoast-seo-wordpress\/ -->\n<title>Om oss - Norra redovisningsbyr\u00e5 AB<\/title>\n<meta name=\"robots\" content=\"index, follow, max-snippet:-1, max-image-preview:large, max-video-preview:-1\" \/>\n<link rel=\"canonical\" href=\"https:\/\/norraredovisning.se\/sv\/om-oss\/\" \/>\n<meta property=\"og:locale\" content=\"sv_SE\" \/>\n<meta property=\"og:type\" content=\"article\" \/>\n<meta property=\"og:title\" content=\"Om oss - Norra redovisningsbyr\u00e5 AB\" \/>\n<meta property=\"og:description\" content=\"Med \u00f6ver 20 \u00e5rs erfarenhet En p\u00e5litlig partner f\u00f6r ditt f\u00f6retag ...\" \/>\n<meta property=\"og:url\" content=\"https:\/\/norraredovisning.se\/sv\/om-oss\/\" \/>\n<meta property=\"og:site_name\" content=\"Norra redovisningsbyr\u00e5 AB\" \/>\n<meta property=\"article:modified_time\" content=\"2025-03-29T18:28:38+00:00\" \/>\n<meta property=\"og:image\" content=\"https:\/\/norraredovisning.se\/wp-content\/uploads\/2025\/01\/1625631-2.png\" \/>\n\t<meta property=\"og:image:width\" content=\"150\" \/>\n\t<meta property=\"og:image:height\" content=\"150\" \/>\n\t<meta property=\"og:image:type\" content=\"image\/png\" \/>\n<meta name=\"twitter:card\" content=\"summary_large_image\" \/>\n<meta name=\"twitter:label1\" content=\"Ber\u00e4knad l\u00e4stid\" \/>\n\t<meta name=\"twitter:data1\" content=\"2 minuter\" \/>\n<script type=\"application\/ld+json\" class=\"yoast-schema-graph\">{\"@context\":\"https:\\\/\\\/schema.org\",\"@graph\":[{\"@type\":\"WebPage\",\"@id\":\"https:\\\/\\\/norraredovisning.se\\\/sv\\\/om-oss\\\/\",\"url\":\"https:\\\/\\\/norraredovisning.se\\\/sv\\\/om-oss\\\/\",\"name\":\"Om oss - Norra redovisningsbyr\u00e5 AB\",\"isPartOf\":{\"@id\":\"https:\\\/\\\/norraredovisning.se\\\/#website\"},\"primaryImageOfPage\":{\"@id\":\"https:\\\/\\\/norraredovisning.se\\\/sv\\\/om-oss\\\/#primaryimage\"},\"image\":{\"@id\":\"https:\\\/\\\/norraredovisning.se\\\/sv\\\/om-oss\\\/#primaryimage\"},\"thumbnailUrl\":\"https:\\\/\\\/norraredovisning.se\\\/wp-content\\\/uploads\\\/2025\\\/01\\\/1625631-2.png\",\"datePublished\":\"2024-06-29T11:11:20+00:00\",\"dateModified\":\"2025-03-29T18:28:38+00:00\",\"breadcrumb\":{\"@id\":\"https:\\\/\\\/norraredovisning.se\\\/sv\\\/om-oss\\\/#breadcrumb\"},\"inLanguage\":\"sv-SE\",\"potentialAction\":[{\"@type\":\"ReadAction\",\"target\":[\"https:\\\/\\\/norraredovisning.se\\\/sv\\\/om-oss\\\/\"]}]},{\"@type\":\"ImageObject\",\"inLanguage\":\"sv-SE\",\"@id\":\"https:\\\/\\\/norraredovisning.se\\\/sv\\\/om-oss\\\/#primaryimage\",\"url\":\"https:\\\/\\\/norraredovisning.se\\\/wp-content\\\/uploads\\\/2025\\\/01\\\/1625631-2.png\",\"contentUrl\":\"https:\\\/\\\/norraredovisning.se\\\/wp-content\\\/uploads\\\/2025\\\/01\\\/1625631-2.png\"},{\"@type\":\"BreadcrumbList\",\"@id\":\"https:\\\/\\\/norraredovisning.se\\\/sv\\\/om-oss\\\/#breadcrumb\",\"itemListElement\":[{\"@type\":\"ListItem\",\"position\":1,\"name\":\"Home\",\"item\":\"https:\\\/\\\/norraredovisning.se\\\/hem\\\/\"},{\"@type\":\"ListItem\",\"position\":2,\"name\":\"Om oss\"}]},{\"@type\":\"WebSite\",\"@id\":\"https:\\\/\\\/norraredovisning.se\\\/#website\",\"url\":\"https:\\\/\\\/norraredovisning.se\\\/\",\"name\":\"Norra redovisningsbyr\u00e5 AB\",\"description\":\"\",\"potentialAction\":[{\"@type\":\"SearchAction\",\"target\":{\"@type\":\"EntryPoint\",\"urlTemplate\":\"https:\\\/\\\/norraredovisning.se\\\/?s={search_term_string}\"},\"query-input\":{\"@type\":\"PropertyValueSpecification\",\"valueRequired\":true,\"valueName\":\"search_term_string\"}}],\"inLanguage\":\"sv-SE\"}]}<\/script>\n<!-- \/ Yoast SEO plugin. -->","yoast_head_json":{"title":"Om oss - Norra redovisningsbyr\u00e5 AB","robots":{"index":"index","follow":"follow","max-snippet":"max-snippet:-1","max-image-preview":"max-image-preview:large","max-video-preview":"max-video-preview:-1"},"canonical":"https:\/\/norraredovisning.se\/sv\/om-oss\/","og_locale":"sv_SE","og_type":"article","og_title":"Om oss - Norra redovisningsbyr\u00e5 AB","og_description":"Med \u00f6ver 20 \u00e5rs erfarenhet En p\u00e5litlig partner f\u00f6r ditt f\u00f6retag ...","og_url":"https:\/\/norraredovisning.se\/sv\/om-oss\/","og_site_name":"Norra redovisningsbyr\u00e5 AB","article_modified_time":"2025-03-29T18:28:38+00:00","og_image":[{"width":150,"height":150,"url":"https:\/\/norraredovisning.se\/wp-content\/uploads\/2025\/01\/1625631-2.png","type":"image\/png"}],"twitter_card":"summary_large_image","twitter_misc":{"Ber\u00e4knad l\u00e4stid":"2 minuter"},"schema":{"@context":"https:\/\/schema.org","@graph":[{"@type":"WebPage","@id":"https:\/\/norraredovisning.se\/sv\/om-oss\/","url":"https:\/\/norraredovisning.se\/sv\/om-oss\/","name":"Om oss - Norra redovisningsbyr\u00e5 AB","isPartOf":{"@id":"https:\/\/norraredovisning.se\/#website"},"primaryImageOfPage":{"@id":"https:\/\/norraredovisning.se\/sv\/om-oss\/#primaryimage"},"image":{"@id":"https:\/\/norraredovisning.se\/sv\/om-oss\/#primaryimage"},"thumbnailUrl":"https:\/\/norraredovisning.se\/wp-content\/uploads\/2025\/01\/1625631-2.png","datePublished":"2024-06-29T11:11:20+00:00","dateModified":"2025-03-29T18:28:38+00:00","breadcrumb":{"@id":"https:\/\/norraredovisning.se\/sv\/om-oss\/#breadcrumb"},"inLanguage":"sv-SE","potentialAction":[{"@type":"ReadAction","target":["https:\/\/norraredovisning.se\/sv\/om-oss\/"]}]},{"@type":"ImageObject","inLanguage":"sv-SE","@id":"https:\/\/norraredovisning.se\/sv\/om-oss\/#primaryimage","url":"https:\/\/norraredovisning.se\/wp-content\/uploads\/2025\/01\/1625631-2.png","contentUrl":"https:\/\/norraredovisning.se\/wp-content\/uploads\/2025\/01\/1625631-2.png"},{"@type":"BreadcrumbList","@id":"https:\/\/norraredovisning.se\/sv\/om-oss\/#breadcrumb","itemListElement":[{"@type":"ListItem","position":1,"name":"Home","item":"https:\/\/norraredovisning.se\/hem\/"},{"@type":"ListItem","position":2,"name":"Om oss"}]},{"@type":"WebSite","@id":"https:\/\/norraredovisning.se\/#website","url":"https:\/\/norraredovisning.se\/","name":"Norra redovisningsbyr\u00e5 AB","description":"","potentialAction":[{"@type":"SearchAction","target":{"@type":"EntryPoint","urlTemplate":"https:\/\/norraredovisning.se\/?s={search_term_string}"},"query-input":{"@type":"PropertyValueSpecification","valueRequired":true,"valueName":"search_term_string"}}],"inLanguage":"sv-SE"}]}},"_links":{"self":[{"href":"https:\/\/norraredovisning.se\/sv\/wp-json\/wp\/v2\/pages\/2296","targetHints":{"allow":["GET"]}}],"collection":[{"href":"https:\/\/norraredovisning.se\/sv\/wp-json\/wp\/v2\/pages"}],"about":[{"href":"https:\/\/norraredovisning.se\/sv\/wp-json\/wp\/v2\/types\/page"}],"author":[{"embeddable":true,"href":"https:\/\/norraredovisning.se\/sv\/wp-json\/wp\/v2\/users\/1"}],"replies":[{"embeddable":true,"href":"https:\/\/norraredovisning.se\/sv\/wp-json\/wp\/v2\/comments?post=2296"}],"version-history":[{"count":10,"href":"https:\/\/norraredovisning.se\/sv\/wp-json\/wp\/v2\/pages\/2296\/revisions"}],"predecessor-version":[{"id":2491,"href":"https:\/\/norraredovisning.se\/sv\/wp-json\/wp\/v2\/pages\/2296\/revisions\/2491"}],"wp:attachment":[{"href":"https:\/\/norraredovisning.se\/sv\/wp-json\/wp\/v2\/media?parent=2296"}],"curies":[{"name":"wp","href":"https:\/\/api.w.org\/{rel}","templated":true}]}}